{"id":1252,"date":"2021-01-09T23:29:45","date_gmt":"2021-01-09T23:29:45","guid":{"rendered":"https:\/\/strattus.com.br\/loja\/?post_type=product&#038;p=1252"},"modified":"2026-03-19T18:26:17","modified_gmt":"2026-03-19T18:26:17","slug":"kit-black-brasil","status":"publish","type":"product","link":"https:\/\/strattus.com.br\/loja\/produto\/kit-black-brasil\/","title":{"rendered":"Kit BLACK BRASIL"},"content":{"rendered":"<p>BLACK BRASIL foi desenvolvido especialmente para cabelos cacheados, pois cuida, trata, protege, controla o volume e mant\u00e9m os fios sempre macios. Seu poder de hidrata\u00e7\u00e3o e nutri\u00e7\u00e3o blindam as cut\u00edculas. \u00c9 um finalizante perfeito para se usar todos os dias, principalmente na hora de modelar seus cachos.<\/p>\n<p>Especifica\u00e7\u00f5es:<br \/>\nMarca: Strattus<br \/>\nQuantidade: 250g<\/p>\n<p>Modo de usar: Aplicar o Leave-in Sem Enx\u00e1gue BLACK BRASIL nos cabelos \u00famidos e em toda a extens\u00e3o dos fios, massageando longitudinalmente ou fazendo cachos.<\/p>\n<p>Composi\u00e7\u00e3o: Cetearyl Alcohol, Theobroma Grandiflorum Seed Butter, Theobroma Cacao Seed Butter, Butylated Hidroxytoluene, Paraffinum Liquidum, ceteareth-20, Petrolatum, Tutano Oil, Cyclopentasiloxane (and) Dimethiconol, Argania Spinosa Kernel Oil, Cocos Nucifera Oil, Butyrospermum Parkii Oil;, Polyquaternium-7, Methylchloroisothiazolinone; Methylisothiazolinone, Lanolin, Cetrimonium Chloride, Glycerin, Amodimeticona y cloruro de Cetrimonio y trideceth-12, Phenyl Trimethicone, Parfum and Aqua.<\/p>\n<p>Recomenda\u00e7\u00f5es: Mantenha fora do alcance de crian\u00e7as. Manter em temperatura ambiente, ao abrigo do sol e calor. Em caso de contato acidental com os olhos, enxaguar abundantemente. N\u00e3o aplicar se o couro cabeludo estiver irritado ou lesionado. Havendo irrita\u00e7\u00e3o, suspender o uso e procurar um m\u00e9dico.<\/p>\n","protected":false},"excerpt":{"rendered":"<p>BLACK BRASIL foi desenvolvido especialmente para cabelos cacheados, pois cuida, trata, protege, controla o volume e mant\u00e9m os fios sempre macios. Seu poder de hidrata\u00e7\u00e3o e nutri\u00e7\u00e3o blindam as cut\u00edculas. \u00c9 um finalizante perfeito para se usar todos os dias, principalmente na hora de modelar seus cachos.<\/p>\n","protected":false},"featured_media":1290,"comment_status":"open","ping_status":"closed","template":"","meta":{"_et_pb_use_builder":"","_et_pb_old_content":"","_et_gb_content_width":""},"product_brand":[],"product_cat":[85,89],"product_tag":[],"class_list":{"0":"post-1252","1":"product","2":"type-product","3":"status-publish","4":"has-post-thumbnail","6":"product_cat-manutencao","7":"product_cat-tratamento","9":"first","10":"instock","11":"taxable","12":"shipping-taxable","13":"purchasable","14":"product-type-simple"},"_links":{"self":[{"href":"https:\/\/strattus.com.br\/loja\/wp-json\/wp\/v2\/product\/1252","targetHints":{"allow":["GET"]}}],"collection":[{"href":"https:\/\/strattus.com.br\/loja\/wp-json\/wp\/v2\/product"}],"about":[{"href":"https:\/\/strattus.com.br\/loja\/wp-json\/wp\/v2\/types\/product"}],"replies":[{"embeddable":true,"href":"https:\/\/strattus.com.br\/loja\/wp-json\/wp\/v2\/comments?post=1252"}],"wp:featuredmedia":[{"embeddable":true,"href":"https:\/\/strattus.com.br\/loja\/wp-json\/wp\/v2\/media\/1290"}],"wp:attachment":[{"href":"https:\/\/strattus.com.br\/loja\/wp-json\/wp\/v2\/media?parent=1252"}],"wp:term":[{"taxonomy":"product_brand","embeddable":true,"href":"https:\/\/strattus.com.br\/loja\/wp-json\/wp\/v2\/product_brand?post=1252"},{"taxonomy":"product_cat","embeddable":true,"href":"https:\/\/strattus.com.br\/loja\/wp-json\/wp\/v2\/product_cat?post=1252"},{"taxonomy":"product_tag","embeddable":true,"href":"https:\/\/strattus.com.br\/loja\/wp-json\/wp\/v2\/product_tag?post=1252"}],"curies":[{"name":"wp","href":"https:\/\/api.w.org\/{rel}","templated":true}]}}