{"id":1363,"date":"2021-03-04T17:21:13","date_gmt":"2021-03-04T17:21:13","guid":{"rendered":"https:\/\/strattus.com.br\/loja\/?post_type=product&#038;p=1363"},"modified":"2026-03-19T18:23:32","modified_gmt":"2026-03-19T18:23:32","slug":"spray-escurecedor","status":"publish","type":"product","link":"https:\/\/strattus.com.br\/loja\/produto\/spray-escurecedor\/","title":{"rendered":"Spray Escurecedor"},"content":{"rendered":"<p>Spray Escurecedor, Strattus<\/p>\n<p>Esse produto foi desenvolvido com a mais alta tecnologia cosmetica visando um escurecimento imediato, atingindo um tom acinzentado escuro. O produto poder\u00e1 ser usado como finalizante n\u00e3o havendo a necessidade de enx\u00e1gue.<\/p>\n<p>Especifica\u00e7\u00f5es:<\/p>\n<p>Marca: Strattus<\/p>\n<p>Quantidade: 60ml<\/p>\n<p>Modo de usar: Ap\u00f3s lavar os cabelos com o shampoo, secar os mesmos e esborrifar o spray escurecedor de cabelos brancos e grisalhos usando-o como finalizante.<\/p>\n<p>EVITAR COMPLETAMENTE\u00a0 O USO DE CREMES ANTERIORMENTE.<\/p>\n<p>Composi\u00e7\u00e3o: Propylene Glycol, Methylchloroisothiazolinone, Methylisothiazolinone,\u00a0 Acid Orange 7, Acid Red 18, Acid Black 1, Disodium EDTA Citric Acid Partum and Aqua<\/p>\n<p>Recomenda\u00e7\u00f5es: Mantenha fora do alcance de crian\u00e7as. Manter em temperatura ambiente, ao abrigo do sol e calor. Em caso de contato acidental com os olhos, enxaguar abundantemente. N\u00e3o aplicar se o couro cabeludo estiver irritado ou lesionado. Havendo irrita\u00e7\u00e3o, suspender o uso e procurar um m\u00e9dico.<\/p>\n","protected":false},"excerpt":{"rendered":"<p>Spray Escurecedor, Strattus<\/p>\n<p>Esse produto foi desenvolvido com a mais alta tecnologia cosmetica visando um escurecimento imediato, atingindo um tom acinzentado escuro. O produto poder\u00e1 ser usado como finalizante n\u00e3o havendo a necessidade de enx\u00e1gue.<\/p>\n<p>Especifica\u00e7\u00f5es:<\/p>\n<p>Marca: Strattus<\/p>\n<p>Quantidade: 60ml<\/p>\n<p>Modo de usar: Ap\u00f3s lavar os cabelos com o shampoo, secar os mesmos e esborrifar o spray escurecedor de cabelos brancos e grisalhos usando-o como finalizante.<\/p>\n<p>EVITAR COMPLETAMENTE\u00a0 O USO DE CREMES ANTERIORMENTE.<\/p>\n<p>Composi\u00e7\u00e3o: Propylene Glycol, Methylchloroisothiazolinone, Methylisothiazolinone,\u00a0 Acid Orange 7, Acid Red 18, Acid Black 1, Disodium EDTA Citric Acid Partum and Aqua<\/p>\n<p>Recomenda\u00e7\u00f5es: Mantenha fora do alcance de crian\u00e7as. Manter em temperatura ambiente, ao abrigo do sol e calor. Em caso de contato acidental com os olhos, enxaguar abundantemente. N\u00e3o aplicar se o couro cabeludo estiver irritado ou lesionado. Havendo irrita\u00e7\u00e3o, suspender o uso e procurar um m\u00e9dico.<\/p>\n","protected":false},"featured_media":1364,"comment_status":"open","ping_status":"closed","template":"","meta":{"_et_pb_use_builder":"","_et_pb_old_content":"","_et_gb_content_width":""},"product_brand":[],"product_cat":[87,90,89],"product_tag":[],"class_list":{"0":"post-1363","1":"product","2":"type-product","3":"status-publish","4":"has-post-thumbnail","6":"product_cat-finalizantes","7":"product_cat-for-men","8":"product_cat-tratamento","10":"first","11":"instock","12":"taxable","13":"shipping-taxable","14":"purchasable","15":"product-type-simple"},"_links":{"self":[{"href":"https:\/\/strattus.com.br\/loja\/wp-json\/wp\/v2\/product\/1363","targetHints":{"allow":["GET"]}}],"collection":[{"href":"https:\/\/strattus.com.br\/loja\/wp-json\/wp\/v2\/product"}],"about":[{"href":"https:\/\/strattus.com.br\/loja\/wp-json\/wp\/v2\/types\/product"}],"replies":[{"embeddable":true,"href":"https:\/\/strattus.com.br\/loja\/wp-json\/wp\/v2\/comments?post=1363"}],"wp:featuredmedia":[{"embeddable":true,"href":"https:\/\/strattus.com.br\/loja\/wp-json\/wp\/v2\/media\/1364"}],"wp:attachment":[{"href":"https:\/\/strattus.com.br\/loja\/wp-json\/wp\/v2\/media?parent=1363"}],"wp:term":[{"taxonomy":"product_brand","embeddable":true,"href":"https:\/\/strattus.com.br\/loja\/wp-json\/wp\/v2\/product_brand?post=1363"},{"taxonomy":"product_cat","embeddable":true,"href":"https:\/\/strattus.com.br\/loja\/wp-json\/wp\/v2\/product_cat?post=1363"},{"taxonomy":"product_tag","embeddable":true,"href":"https:\/\/strattus.com.br\/loja\/wp-json\/wp\/v2\/product_tag?post=1363"}],"curies":[{"name":"wp","href":"https:\/\/api.w.org\/{rel}","templated":true}]}}