{"id":1471,"date":"2021-08-05T16:55:39","date_gmt":"2021-08-05T16:55:39","guid":{"rendered":"https:\/\/strattus.com.br\/loja\/?post_type=product&#038;p=1471"},"modified":"2026-03-19T18:23:04","modified_gmt":"2026-03-19T18:23:04","slug":"speed-sem-pausa-mascara-de-alta-reatividade","status":"publish","type":"product","link":"https:\/\/strattus.com.br\/loja\/produto\/speed-sem-pausa-mascara-de-alta-reatividade\/","title":{"rendered":"SPEED sem pausa ,M\u00e1scara de Alta Reatividade"},"content":{"rendered":"<p>A M\u00e1scara SPEED \u2013 SEM PAUSA foi desenvolvida para um resultado de Alisamento Definitivo com uma tecnologia e alta reatividade que minimiza o tempo de espera ou seja a rea\u00e7\u00e3o se d\u00e1 instantaneamente, uma tecnologia em prol do tempo de espera e tamb\u00e9m da alta efic\u00e1cia na performance e alisamento Definitivo \u2013 Tecnologia Cosm\u00e9tica Avan\u00e7ada.<\/p>\n<p>Modo de Usar:<br \/>\nCom os cabelos sem lavar, aplique o produto, umectando bem os fios, N\u00c3O RETIRE dos cabelos, pois o produto \u00e9 leve e n\u00e3o pesar\u00e1, seque os cabelos j\u00e1 se fazendo uma escova em pequenas mexas e aplique o Cristal L\u00edquido e em seguida aplique a CHAPINHA, em c\u00e2mera lenta de 15 a 20 vezes em mexas bem finas at\u00e9 que transparentes, para que os cabelos possam absorver bem o calor e fazer a mudan\u00e7a da estrutura crespa para lisa definitivamente e ai est\u00e1 finalizado.<br \/>\n\u2022 Nesse processo voc\u00ea n\u00e3o tem a necessidade de ficar aguardando o tempo de pausa, pois assim que finalizar na parte de traz da cabe\u00e7a a aplica\u00e7\u00e3o do produto, voc\u00ea imediatamente j\u00e1 inicia a escova\u00e7\u00e3o a onde iniciou a aplica\u00e7\u00e3o do produto. Um ganho de 75% do tempo.<\/p>\n<p>&nbsp;<\/p>\n","protected":false},"excerpt":{"rendered":"<p>A M\u00e1scara SPEED \u2013 SEM PAUSA foi desenvolvida para um resultado de Alisamento Definitivo com uma tecnologia e alta reatividade que minimiza o tempo de espera ou seja a rea\u00e7\u00e3o se d\u00e1 instantaneamente, uma tecnologia em prol do tempo de espera e tamb\u00e9m da alta efic\u00e1cia na performance e alisamento Definitivo \u2013 Tecnologia Cosm\u00e9tica Avan\u00e7ada.<\/p>\n<p>Modo de Usar:<br \/>\nCom os cabelos sem lavar, aplique o produto, umectando bem os fios, N\u00c3O RETIRE dos cabelos, pois o produto \u00e9 leve e n\u00e3o pesar\u00e1, seque os cabelos j\u00e1 se fazendo uma escova em pequenas mexas e aplique o Cristal L\u00edquido e em seguida aplique a CHAPINHA, em c\u00e2mera lenta de 15 a 20 vezes em mexas bem finas at\u00e9 que transparentes, para que os cabelos possam absorver bem o calor e fazer a mudan\u00e7a da estrutura crespa para lisa definitivamente e ai est\u00e1 finalizado.<br \/>\n\u2022 Nesse processo voc\u00ea n\u00e3o tem a necessidade de ficar aguardando o tempo de pausa, pois assim que finalizar na parte de traz da cabe\u00e7a a aplica\u00e7\u00e3o do produto, voc\u00ea imediatamente j\u00e1 inicia a escova\u00e7\u00e3o a onde iniciou a aplica\u00e7\u00e3o do produto. Um ganho de 75% do tempo.<\/p>\n<p>Recomenda\u00e7\u00f5es:<br \/>\nManter fora do alcance das crian\u00e7as, manter em temperatura ambiente ao abrigo do sol e calor, em caso de contato acidental com os olhos, enxaguar abundantemente. Havendo irrita\u00e7\u00e3o suspender o uso e procurar um m\u00e9dico.<\/p>\n<p>Composi\u00e7\u00e3o:<br \/>\nCarbocyateine, Paraffinum Liquidum, Cetrimonium Chloride, Cetearyl Alcohol, Polyquaternium-7, ceteareth-20, Disodium EDTA, Acid Violet 43, Methylchloroisothiazolinone; Methylisothiazolinone, Glycerin \/ Hydroxyethyl Cetearamidopropyldimonium Chloride; Behenyl Alcohol; Cetearyl Alcohol \/ Isocetyl Alcohol \/ Quaternium-70; Propylene Glycol \/ Amodimethicone;C12-14 Sec-Pareth-7; C12-14 Sec Pareth-5 \/ Disodium Lauriminodipropionate Tocopheryl Phosphates \/ DimethylPABAmidopropyl Laurdimonium Tosylate \/ Benzophenone-3 \/ Lauroyl Lysine \/ Glycine\/Acetil Cystein\/ Arginine HCl and Water Deionized.<\/p>\n<p>Fabricado por:<br \/>\nMarcos A. Germano &#8211; ME<br \/>\nCNPJ: 04.921.994\/0001-30, Insc. Estadual: 649+083.712.118,<br \/>\nResp. T\u00e9cnico: Marcos A. Germano<br \/>\nCRQ: 004344580 \u2013 4o Regi\u00e3o<br \/>\nResolu\u00e7\u00e3o da ANVISA &#8211; 343\/05 AFE\/M.S.: 2.03511-1<br \/>\nInd\u00fastria Brasileira<\/p>\n","protected":false},"featured_media":1472,"comment_status":"open","ping_status":"closed","template":"","meta":{"_et_pb_use_builder":"","_et_pb_old_content":"","_et_gb_content_width":""},"product_brand":[],"product_cat":[23,25,91,89],"product_tag":[],"class_list":{"0":"post-1471","1":"product","2":"type-product","3":"status-publish","4":"has-post-thumbnail","6":"product_cat-quimica","7":"product_cat-destaque","8":"product_cat-lancamentos","9":"product_cat-tratamento","11":"first","12":"instock","13":"featured","14":"taxable","15":"shipping-taxable","16":"purchasable","17":"product-type-simple"},"_links":{"self":[{"href":"https:\/\/strattus.com.br\/loja\/wp-json\/wp\/v2\/product\/1471","targetHints":{"allow":["GET"]}}],"collection":[{"href":"https:\/\/strattus.com.br\/loja\/wp-json\/wp\/v2\/product"}],"about":[{"href":"https:\/\/strattus.com.br\/loja\/wp-json\/wp\/v2\/types\/product"}],"replies":[{"embeddable":true,"href":"https:\/\/strattus.com.br\/loja\/wp-json\/wp\/v2\/comments?post=1471"}],"wp:featuredmedia":[{"embeddable":true,"href":"https:\/\/strattus.com.br\/loja\/wp-json\/wp\/v2\/media\/1472"}],"wp:attachment":[{"href":"https:\/\/strattus.com.br\/loja\/wp-json\/wp\/v2\/media?parent=1471"}],"wp:term":[{"taxonomy":"product_brand","embeddable":true,"href":"https:\/\/strattus.com.br\/loja\/wp-json\/wp\/v2\/product_brand?post=1471"},{"taxonomy":"product_cat","embeddable":true,"href":"https:\/\/strattus.com.br\/loja\/wp-json\/wp\/v2\/product_cat?post=1471"},{"taxonomy":"product_tag","embeddable":true,"href":"https:\/\/strattus.com.br\/loja\/wp-json\/wp\/v2\/product_tag?post=1471"}],"curies":[{"name":"wp","href":"https:\/\/api.w.org\/{rel}","templated":true}]}}