{"id":1605,"date":"2022-07-20T18:28:56","date_gmt":"2022-07-20T18:28:56","guid":{"rendered":"https:\/\/strattus.com.br\/loja\/?post_type=product&#038;p=1605"},"modified":"2026-03-19T18:22:35","modified_gmt":"2026-03-19T18:22:35","slug":"1605","status":"publish","type":"product","link":"https:\/\/strattus.com.br\/loja\/produto\/1605\/","title":{"rendered":"Mascara Master De Reconstru\u00e7\u00e3o Intensiva"},"content":{"rendered":"<p>Lan\u00e7amento da nova Mascara Master, Reconstru\u00e7\u00e3o Intensiva.<br \/>\n&#x1f9ea;&#x1f9ec;&#x1f9d1;&#x200d;&#x1f52c;<br \/>\nO c\u00f3rtex do cabelo fica na camada interna do fio, protegido pela cut\u00edcula,onde a Mascara Master , Reconstru\u00e7\u00e3o Intensiva age, fazendo uma liga\u00e7\u00e3o permanente nos fios onde outros produtos de cosm\u00e9ticos n\u00e3o conseguem fazer ,assim tratando os fios de dentro para fora, devido a sua riqueza de ativos nobres , criando uma blindagem capilar.<br \/>\n&#x1f4a5;<br \/>\nIdeal para cabelos expostos a qu\u00edmica, cabelos com cloro p\u00f3s piscina , sal p\u00f3s banho de mar.<\/p>\n<p>&#x1f929;&#x1f469;&#x1f3fc; www.strattus.com.br<br \/>\n.<br \/>\n#nutric\u0327a\u0303o #reconstruc\u0327a\u0303ocapilar #altaperformance #arginina #cabelosbrilhosos #cabelosresistentes #cronogramacapilar #strattuscosmetica #cosme\u0301ticos #cuideseemcasa #cienciacapilar #tecnologiacapilar<br \/>\n#cabelosdecinema<\/p>\n","protected":false},"excerpt":{"rendered":"<p>Lan\u00e7amento da nova Mascara Master, Reconstru\u00e7\u00e3o Intensiva. &#x1f9ea;&#x1f9ec;&#x1f9d1;&#x200d;&#x1f52c; O c\u00f3rtex do cabelo fica na camada interna do fio, protegido pela cut\u00edcula,onde a Mascara Master , Reconstru\u00e7\u00e3o Intensiva age, fazendo uma liga\u00e7\u00e3o permanente nos fios onde outros produtos de cosm\u00e9ticos n\u00e3o conseguem fazer ,assim tratando os fios de dentro para fora, devido a sua riqueza de [&hellip;]<\/p>\n","protected":false},"featured_media":1775,"comment_status":"open","ping_status":"closed","template":"","meta":{"_et_pb_use_builder":"","_et_pb_old_content":"","_et_gb_content_width":""},"product_brand":[],"product_cat":[25,91,85,88,89],"product_tag":[],"class_list":{"0":"post-1605","1":"product","2":"type-product","3":"status-publish","4":"has-post-thumbnail","6":"product_cat-destaque","7":"product_cat-lancamentos","8":"product_cat-manutencao","9":"product_cat-reconstrucao","10":"product_cat-tratamento","12":"first","13":"instock","14":"taxable","15":"shipping-taxable","16":"purchasable","17":"product-type-simple"},"_links":{"self":[{"href":"https:\/\/strattus.com.br\/loja\/wp-json\/wp\/v2\/product\/1605","targetHints":{"allow":["GET"]}}],"collection":[{"href":"https:\/\/strattus.com.br\/loja\/wp-json\/wp\/v2\/product"}],"about":[{"href":"https:\/\/strattus.com.br\/loja\/wp-json\/wp\/v2\/types\/product"}],"replies":[{"embeddable":true,"href":"https:\/\/strattus.com.br\/loja\/wp-json\/wp\/v2\/comments?post=1605"}],"wp:featuredmedia":[{"embeddable":true,"href":"https:\/\/strattus.com.br\/loja\/wp-json\/wp\/v2\/media\/1775"}],"wp:attachment":[{"href":"https:\/\/strattus.com.br\/loja\/wp-json\/wp\/v2\/media?parent=1605"}],"wp:term":[{"taxonomy":"product_brand","embeddable":true,"href":"https:\/\/strattus.com.br\/loja\/wp-json\/wp\/v2\/product_brand?post=1605"},{"taxonomy":"product_cat","embeddable":true,"href":"https:\/\/strattus.com.br\/loja\/wp-json\/wp\/v2\/product_cat?post=1605"},{"taxonomy":"product_tag","embeddable":true,"href":"https:\/\/strattus.com.br\/loja\/wp-json\/wp\/v2\/product_tag?post=1605"}],"curies":[{"name":"wp","href":"https:\/\/api.w.org\/{rel}","templated":true}]}}