{"id":1783,"date":"2023-02-07T18:54:44","date_gmt":"2023-02-07T18:54:44","guid":{"rendered":"https:\/\/strattus.com.br\/loja\/?post_type=product&#038;p=1783"},"modified":"2026-03-19T18:20:49","modified_gmt":"2026-03-19T18:20:49","slug":"shampoo-universal","status":"publish","type":"product","link":"https:\/\/strattus.com.br\/loja\/produto\/shampoo-universal\/","title":{"rendered":"Shampoo Universal"},"content":{"rendered":"<p>Shampoo em tamanho sal\u00e3o para cabelos danificados. Sebastian Professional Penetraitt Shampoo ajuda a reparar os danos e a fortalecer os fios.<\/p>\n<p>Sebastian Professional Penetraitt Shampoo auxilia na reconstru\u00e7\u00e3o da fibra capilar para aumentar a resist\u00eancia e a elasticidade dos fios enquanto limpa suavemente, sem ressecar. Com ele, seu cabelo fica mais forte e macio logo na limpeza.<\/p>\n","protected":false},"excerpt":{"rendered":"<p>Shampoo em tamanho sal\u00e3o para cabelos danificados. Sebastian Professional Penetraitt Shampoo ajuda a reparar os danos e a fortalecer os fios.<\/p>\n<p>Sebastian Professional Penetraitt Shampoo auxilia na reconstru\u00e7\u00e3o da fibra capilar para aumentar a resist\u00eancia e a elasticidade dos fios enquanto limpa suavemente, sem ressecar. Com ele, seu cabelo fica mais forte e macio logo na limpeza.<\/p>\n","protected":false},"featured_media":1784,"comment_status":"open","ping_status":"closed","template":"","meta":{"_et_pb_use_builder":"","_et_pb_old_content":"","_et_gb_content_width":""},"product_brand":[],"product_cat":[25,91],"product_tag":[],"class_list":{"0":"post-1783","1":"product","2":"type-product","3":"status-publish","4":"has-post-thumbnail","6":"product_cat-destaque","7":"product_cat-lancamentos","9":"first","10":"instock","11":"taxable","12":"shipping-taxable","13":"purchasable","14":"product-type-simple"},"_links":{"self":[{"href":"https:\/\/strattus.com.br\/loja\/wp-json\/wp\/v2\/product\/1783","targetHints":{"allow":["GET"]}}],"collection":[{"href":"https:\/\/strattus.com.br\/loja\/wp-json\/wp\/v2\/product"}],"about":[{"href":"https:\/\/strattus.com.br\/loja\/wp-json\/wp\/v2\/types\/product"}],"replies":[{"embeddable":true,"href":"https:\/\/strattus.com.br\/loja\/wp-json\/wp\/v2\/comments?post=1783"}],"wp:featuredmedia":[{"embeddable":true,"href":"https:\/\/strattus.com.br\/loja\/wp-json\/wp\/v2\/media\/1784"}],"wp:attachment":[{"href":"https:\/\/strattus.com.br\/loja\/wp-json\/wp\/v2\/media?parent=1783"}],"wp:term":[{"taxonomy":"product_brand","embeddable":true,"href":"https:\/\/strattus.com.br\/loja\/wp-json\/wp\/v2\/product_brand?post=1783"},{"taxonomy":"product_cat","embeddable":true,"href":"https:\/\/strattus.com.br\/loja\/wp-json\/wp\/v2\/product_cat?post=1783"},{"taxonomy":"product_tag","embeddable":true,"href":"https:\/\/strattus.com.br\/loja\/wp-json\/wp\/v2\/product_tag?post=1783"}],"curies":[{"name":"wp","href":"https:\/\/api.w.org\/{rel}","templated":true}]}}