{"id":1944,"date":"2024-09-25T17:27:17","date_gmt":"2024-09-25T17:27:17","guid":{"rendered":"https:\/\/strattus.com.br\/loja\/?post_type=product&#038;p=1944"},"modified":"2025-05-28T11:02:22","modified_gmt":"2025-05-28T11:02:22","slug":"serum-acne-repair","status":"publish","type":"product","link":"https:\/\/strattus.com.br\/loja\/produto\/serum-acne-repair\/","title":{"rendered":"S\u00e9rum Acne Repair"},"content":{"rendered":"<p>S\u00c9RUM<br \/>\nACNE REPAIR<br \/>\nACNES &#8211; ESPINHAS &#8211; CRAVOS<br \/>\n&#8211; Controla oleosidade, acne e inflama\u00e7\u00e3o<br \/>\n&#8211; Eficaz contra prolifera\u00e7\u00e3o da bact\u00e9ria da Acne<br \/>\n&#8211; Minimiza a forma\u00e7\u00e3o de comed\u00f5es, p\u00e1pulas, p\u00fastulas, n\u00f3dulos e cistos<br \/>\n&#8211; NANO ZINCO PCA<br \/>\n&#8211; NANO \u00c1CIDO SALICILICO<br \/>\nUSO DIURNO OU NOTURNO<br \/>\nTratamento Nano Molecular<\/p>\n","protected":false},"excerpt":{"rendered":"<p>S\u00c9RUM<br \/>\nACNE REPAIR<br \/>\nACNES &#8211; ESPINHAS &#8211; CRAVOS<br \/>\n&#8211; Controla oleosidade, acne e inflama\u00e7\u00e3o<br \/>\n&#8211; Eficaz contra prolifera\u00e7\u00e3o da bact\u00e9ria da Acne<br \/>\n&#8211; Minimiza a forma\u00e7\u00e3o de comed\u00f5es, p\u00e1pulas, p\u00fastulas, n\u00f3dulos e cistos<br \/>\n&#8211; NANO ZINCO PCA<br \/>\n&#8211; NANO \u00c1CIDO SALICILICO<br \/>\nUSO DIURNO OU NOTURNO<br \/>\nTratamento Nano Molecular<\/p>\n","protected":false},"featured_media":1945,"comment_status":"open","ping_status":"closed","template":"","meta":{"_et_pb_use_builder":"","_et_pb_old_content":"","_et_gb_content_width":""},"product_brand":[],"product_cat":[25,91],"product_tag":[],"class_list":{"0":"post-1944","1":"product","2":"type-product","3":"status-publish","4":"has-post-thumbnail","6":"product_cat-destaque","7":"product_cat-lancamentos","9":"first","10":"instock","11":"featured","12":"taxable","13":"shipping-taxable","14":"purchasable","15":"product-type-simple"},"_links":{"self":[{"href":"https:\/\/strattus.com.br\/loja\/wp-json\/wp\/v2\/product\/1944","targetHints":{"allow":["GET"]}}],"collection":[{"href":"https:\/\/strattus.com.br\/loja\/wp-json\/wp\/v2\/product"}],"about":[{"href":"https:\/\/strattus.com.br\/loja\/wp-json\/wp\/v2\/types\/product"}],"replies":[{"embeddable":true,"href":"https:\/\/strattus.com.br\/loja\/wp-json\/wp\/v2\/comments?post=1944"}],"wp:featuredmedia":[{"embeddable":true,"href":"https:\/\/strattus.com.br\/loja\/wp-json\/wp\/v2\/media\/1945"}],"wp:attachment":[{"href":"https:\/\/strattus.com.br\/loja\/wp-json\/wp\/v2\/media?parent=1944"}],"wp:term":[{"taxonomy":"product_brand","embeddable":true,"href":"https:\/\/strattus.com.br\/loja\/wp-json\/wp\/v2\/product_brand?post=1944"},{"taxonomy":"product_cat","embeddable":true,"href":"https:\/\/strattus.com.br\/loja\/wp-json\/wp\/v2\/product_cat?post=1944"},{"taxonomy":"product_tag","embeddable":true,"href":"https:\/\/strattus.com.br\/loja\/wp-json\/wp\/v2\/product_tag?post=1944"}],"curies":[{"name":"wp","href":"https:\/\/api.w.org\/{rel}","templated":true}]}}