{"id":1956,"date":"2024-10-10T19:35:28","date_gmt":"2024-10-10T19:35:28","guid":{"rendered":"https:\/\/strattus.com.br\/loja\/?post_type=product&#038;p=1956"},"modified":"2025-04-08T16:52:21","modified_gmt":"2025-04-08T16:52:21","slug":"serum-hialuronico-preenchedor","status":"publish","type":"product","link":"https:\/\/strattus.com.br\/loja\/produto\/serum-hialuronico-preenchedor\/","title":{"rendered":"S\u00e9rum Hialur\u00f4nico Preenchedor"},"content":{"rendered":"<p>S\u00c9R\u1ee4M<br \/>\nHIALURONICO<br \/>\nPREENCHEDOR<br \/>\n&#8211; Estimula produ\u00e7\u00e3o col\u00e1geno<br \/>\n&#8211; A\u00e7\u00e3o preenchedora e mais volume<br \/>\n&#8211; Reduz a flacidez e linhas de express\u00e3o<br \/>\n&#8211; Rugas e p\u00e9s de galinha<br \/>\n&#8211; Pele iluminada, firme, macia e vi\u00e7o<br \/>\nNANO<br \/>\n\u00c1CIDO HIALOR\u00d4NICO<br \/>\nUSO DIURNO OU NOTURNO<br \/>\nTratamento Nano Molecular<\/p>\n","protected":false},"excerpt":{"rendered":"<p>S\u00c9R\u1ee4M<br \/>\nHIALORUNICO<br \/>\nPREENCHEDOR<br \/>\n&#8211; Estimula produ\u00e7\u00e3o col\u00e1geno<br \/>\n&#8211; A\u00e7\u00e3o preenchedora e mais volume<br \/>\n&#8211; Reduz a flacidez e linhas de express\u00e3o<br \/>\n&#8211; Rugas e p\u00e9s de galinha<br \/>\n&#8211; Pele iluminada, firme, macia e vi\u00e7o<br \/>\nNANO<br \/>\n\u00c1CIDO HIALOR\u00d4NICO<br \/>\nUSO DIURNO OU NOTURNO<br \/>\nTratamento Nano Molecular<\/p>\n","protected":false},"featured_media":1957,"comment_status":"open","ping_status":"closed","template":"","meta":{"_et_pb_use_builder":"","_et_pb_old_content":"","_et_gb_content_width":""},"product_brand":[],"product_cat":[25,91,93],"product_tag":[],"class_list":{"0":"post-1956","1":"product","2":"type-product","3":"status-publish","4":"has-post-thumbnail","6":"product_cat-destaque","7":"product_cat-lancamentos","8":"product_cat-skincare","10":"first","11":"instock","12":"taxable","13":"shipping-taxable","14":"purchasable","15":"product-type-simple"},"_links":{"self":[{"href":"https:\/\/strattus.com.br\/loja\/wp-json\/wp\/v2\/product\/1956","targetHints":{"allow":["GET"]}}],"collection":[{"href":"https:\/\/strattus.com.br\/loja\/wp-json\/wp\/v2\/product"}],"about":[{"href":"https:\/\/strattus.com.br\/loja\/wp-json\/wp\/v2\/types\/product"}],"replies":[{"embeddable":true,"href":"https:\/\/strattus.com.br\/loja\/wp-json\/wp\/v2\/comments?post=1956"}],"wp:featuredmedia":[{"embeddable":true,"href":"https:\/\/strattus.com.br\/loja\/wp-json\/wp\/v2\/media\/1957"}],"wp:attachment":[{"href":"https:\/\/strattus.com.br\/loja\/wp-json\/wp\/v2\/media?parent=1956"}],"wp:term":[{"taxonomy":"product_brand","embeddable":true,"href":"https:\/\/strattus.com.br\/loja\/wp-json\/wp\/v2\/product_brand?post=1956"},{"taxonomy":"product_cat","embeddable":true,"href":"https:\/\/strattus.com.br\/loja\/wp-json\/wp\/v2\/product_cat?post=1956"},{"taxonomy":"product_tag","embeddable":true,"href":"https:\/\/strattus.com.br\/loja\/wp-json\/wp\/v2\/product_tag?post=1956"}],"curies":[{"name":"wp","href":"https:\/\/api.w.org\/{rel}","templated":true}]}}