{"id":1965,"date":"2024-10-10T19:41:41","date_gmt":"2024-10-10T19:41:41","guid":{"rendered":"https:\/\/strattus.com.br\/loja\/?post_type=product&#038;p=1965"},"modified":"2026-04-14T04:33:07","modified_gmt":"2026-04-14T04:33:07","slug":"1965","status":"publish","type":"product","link":"https:\/\/strattus.com.br\/loja\/produto\/1965\/","title":{"rendered":"S\u00e9rum Clareador Facial 5&#215;1"},"content":{"rendered":"<p>S\u00c9RUM<br \/>\nCLAREADOR FACIAL<br \/>\n5&#215;1<br \/>\n&#8211; Tratamento do melasma<br \/>\n&#8211; Clareador e despigmentante de manchas<br \/>\n&#8211; Uniformiza, acalma e afina a pele<br \/>\n&#8211; A\u00e7\u00e3o renovadora e firmeza na pele<br \/>\n\u00c1CIDO TRANEX\u00c2MICO<br \/>\n\u00c1CIDO K\u00d3JICO<br \/>\n\u00c1CIDO MAND\u00c9LICO \u00c1CIDO L\u00c1CTICO<br \/>\nVITAMINA C<br \/>\nUSO NOTURNO<br \/>\nTratamento Nano Molecular<\/p>\n","protected":false},"excerpt":{"rendered":"<p>S\u00c9RUM<br \/>\nCLAREADOR FACIAL<br \/>\n5&#215;1<br \/>\n&#8211; Tratamento do melasma<br \/>\n&#8211; Clareador e despigmentante de manchas<br \/>\n&#8211; Uniformiza, acalma e afina a pele<br \/>\n&#8211; A\u00e7\u00e3o renovadora e firmeza na pele<br \/>\n\u00c1CIDO TRANEX\u00c2MICO<br \/>\n\u00c1CIDO K\u00d3JICO<br \/>\n\u00c1CIDO MAND\u00c9LICO \u00c1CIDO L\u00c1CTICO<br \/>\nVITAMINA C<br \/>\nUSO NOTURNO<br \/>\nTratamento Nano Molecular<\/p>\n","protected":false},"featured_media":1966,"comment_status":"open","ping_status":"closed","template":"","meta":{"_et_pb_use_builder":"","_et_pb_old_content":"","_et_gb_content_width":""},"product_brand":[],"product_cat":[25,91,93],"product_tag":[],"class_list":{"0":"post-1965","1":"product","2":"type-product","3":"status-publish","4":"has-post-thumbnail","6":"product_cat-destaque","7":"product_cat-lancamentos","8":"product_cat-skincare","10":"first","11":"instock","12":"taxable","13":"shipping-taxable","14":"purchasable","15":"product-type-simple"},"_links":{"self":[{"href":"https:\/\/strattus.com.br\/loja\/wp-json\/wp\/v2\/product\/1965","targetHints":{"allow":["GET"]}}],"collection":[{"href":"https:\/\/strattus.com.br\/loja\/wp-json\/wp\/v2\/product"}],"about":[{"href":"https:\/\/strattus.com.br\/loja\/wp-json\/wp\/v2\/types\/product"}],"replies":[{"embeddable":true,"href":"https:\/\/strattus.com.br\/loja\/wp-json\/wp\/v2\/comments?post=1965"}],"wp:featuredmedia":[{"embeddable":true,"href":"https:\/\/strattus.com.br\/loja\/wp-json\/wp\/v2\/media\/1966"}],"wp:attachment":[{"href":"https:\/\/strattus.com.br\/loja\/wp-json\/wp\/v2\/media?parent=1965"}],"wp:term":[{"taxonomy":"product_brand","embeddable":true,"href":"https:\/\/strattus.com.br\/loja\/wp-json\/wp\/v2\/product_brand?post=1965"},{"taxonomy":"product_cat","embeddable":true,"href":"https:\/\/strattus.com.br\/loja\/wp-json\/wp\/v2\/product_cat?post=1965"},{"taxonomy":"product_tag","embeddable":true,"href":"https:\/\/strattus.com.br\/loja\/wp-json\/wp\/v2\/product_tag?post=1965"}],"curies":[{"name":"wp","href":"https:\/\/api.w.org\/{rel}","templated":true}]}}