{"id":2061,"date":"2025-11-19T16:59:24","date_gmt":"2025-11-19T16:59:24","guid":{"rendered":"https:\/\/strattus.com.br\/loja\/?post_type=product&#038;p=2061"},"modified":"2026-03-19T18:19:35","modified_gmt":"2026-03-19T18:19:35","slug":"serum-capilar","status":"publish","type":"product","link":"https:\/\/strattus.com.br\/loja\/produto\/serum-capilar\/","title":{"rendered":"S\u00e9rum Capilar"},"content":{"rendered":"<p>S\u00e9rum Capilar , Fluido para escovas e chapinhas ,reparador de pontas e prote\u00e7\u00e3o termica.<\/p>\n","protected":false},"excerpt":{"rendered":"<p>S\u00e9rum Capilar , Fluido para escovas e chapinhas ,reparador de pontas e prote\u00e7\u00e3o termica.<\/p>\n","protected":false},"featured_media":2062,"comment_status":"open","ping_status":"closed","template":"","meta":{"_et_pb_use_builder":"","_et_pb_old_content":"","_et_gb_content_width":""},"product_brand":[],"product_cat":[25,87,91],"product_tag":[],"class_list":{"0":"post-2061","1":"product","2":"type-product","3":"status-publish","4":"has-post-thumbnail","6":"product_cat-destaque","7":"product_cat-finalizantes","8":"product_cat-lancamentos","10":"first","11":"instock","12":"taxable","13":"shipping-taxable","14":"purchasable","15":"product-type-simple"},"_links":{"self":[{"href":"https:\/\/strattus.com.br\/loja\/wp-json\/wp\/v2\/product\/2061","targetHints":{"allow":["GET"]}}],"collection":[{"href":"https:\/\/strattus.com.br\/loja\/wp-json\/wp\/v2\/product"}],"about":[{"href":"https:\/\/strattus.com.br\/loja\/wp-json\/wp\/v2\/types\/product"}],"replies":[{"embeddable":true,"href":"https:\/\/strattus.com.br\/loja\/wp-json\/wp\/v2\/comments?post=2061"}],"wp:featuredmedia":[{"embeddable":true,"href":"https:\/\/strattus.com.br\/loja\/wp-json\/wp\/v2\/media\/2062"}],"wp:attachment":[{"href":"https:\/\/strattus.com.br\/loja\/wp-json\/wp\/v2\/media?parent=2061"}],"wp:term":[{"taxonomy":"product_brand","embeddable":true,"href":"https:\/\/strattus.com.br\/loja\/wp-json\/wp\/v2\/product_brand?post=2061"},{"taxonomy":"product_cat","embeddable":true,"href":"https:\/\/strattus.com.br\/loja\/wp-json\/wp\/v2\/product_cat?post=2061"},{"taxonomy":"product_tag","embeddable":true,"href":"https:\/\/strattus.com.br\/loja\/wp-json\/wp\/v2\/product_tag?post=2061"}],"curies":[{"name":"wp","href":"https:\/\/api.w.org\/{rel}","templated":true}]}}