{"id":558,"date":"2020-07-15T19:05:54","date_gmt":"2020-07-15T19:05:54","guid":{"rendered":"https:\/\/strattus.com.br\/loja\/produto\/import-placeholder-for-143\/"},"modified":"2026-03-19T18:53:26","modified_gmt":"2026-03-19T18:53:26","slug":"shampoo-capilar-max-effetive-hair","status":"publish","type":"product","link":"https:\/\/strattus.com.br\/loja\/produto\/shampoo-capilar-max-effetive-hair\/","title":{"rendered":"Shampoo Capilar Max Effetive Hair"},"content":{"rendered":"<p>O shampoo max efetive hair<br \/>\nAutoriza\u00e7\u00e3o: processo n\u00ba 343\/05 &#8211; afe\/ms 203511-1<\/p>\n<p>O shampoo max efetive hair da strattus foi desenvolvido com uma alta tecnologia cosm\u00e9tica capaz de desintoxicar, fortificar e estimular o couro cabeludo. Atrav\u00e9s do couro de cabeludo. Atrav\u00e9s de ativos como jaborandi, alecrim, salvia e arnica os fol\u00edculos s\u00e3o ricamente nutridos, prevenindo a queda de cabelo.<br \/>\nJaborandi: tem um princ\u00edpio ativo chamado pilocarpina que \u00e9 excelente composto natural anti-queda de cabelos, adstringente, antiss\u00e9ptico, anti-oleosidade, estimulante capilar e estimulante de crescimento dos cabelos<\/p>\n<p>Alecrim: fortificante e estimulante do couro cabeludo, anti-caspa e anti-queda dos cabelos arnica: anti-inflamat\u00f3ria, anti-s\u00e9ptica, anti-seborr\u00e9ica, estimulante do crescimento dos cabelos s\u00e1lvia: anti-perspirante, anti-s\u00e9ptica, anti-caspa, anti-queda dos cabelos, anti-oxidante, emoliente e arom\u00e1tica shampoo<\/p>\n<p>Modo de usar: aplique o shampoo max efetive hair nos cabelos, massageando com movimentos suaves no couro cabeludo. Enx\u00e1gue. Se necess\u00e1rio repita \u00e0 opera\u00e7\u00e3o. Recomenda\u00e7\u00e3o: n\u00e3o exponha o produto ao sol. Mantenha fora do alcance das crian\u00e7as. Havendo irrita\u00e7\u00e3o, suspender o uso e procurar um m\u00e9dico<\/p>\n<p>&nbsp;<\/p>\n","protected":false},"excerpt":{"rendered":"<div style=\"width: 640px;\" class=\"wp-video\"><!--[if lt IE 9]><script>document.createElement('video');<\/script><![endif]-->\n<video class=\"wp-video-shortcode\" id=\"video-558-1\" width=\"640\" height=\"384\" preload=\"metadata\" controls=\"controls\"><source type=\"video\/mp4\" src=\"https:\/\/strattus.com.br\/loja\/wp-content\/uploads\/2020\/07\/WhatsApp-Video-2021-09-20-at-16.01.34.mp4?_=1\" \/><a href=\"https:\/\/strattus.com.br\/loja\/wp-content\/uploads\/2020\/07\/WhatsApp-Video-2021-09-20-at-16.01.34.mp4\">https:\/\/strattus.com.br\/loja\/wp-content\/uploads\/2020\/07\/WhatsApp-Video-2021-09-20-at-16.01.34.mp4<\/a><\/video><\/div>\n<p>O shampoo max efetive hair da strattus foi desenvolvido com uma alta tecnologia cosm\u00e9tica capaz de desintoxicar, fortificar e estimular o couro cabeludo. Atrav\u00e9s do couro de cabeludo. Atrav\u00e9s de ativos como jaborandi, alecrim, salvia e arnica os fol\u00edculos s\u00e3o ricamente nutridos, prevenindo a queda de cabelo.<br \/>\nJaborandi: tem um princ\u00edpio ativo chamado pilocarpina que \u00e9 excelente composto natural anti-queda de cabelos, adstringente, antiss\u00e9ptico, anti-oleosidade, estimulante capilar e estimulante de crescimento dos cabelos<\/p>\n","protected":false},"featured_media":563,"comment_status":"open","ping_status":"closed","template":"","meta":{"_et_pb_use_builder":"","_et_pb_old_content":"","_et_gb_content_width":""},"product_brand":[],"product_cat":[25,91,29],"product_tag":[],"class_list":{"0":"post-558","1":"product","2":"type-product","3":"status-publish","4":"has-post-thumbnail","6":"product_cat-destaque","7":"product_cat-lancamentos","8":"product_cat-max-efetive-hair","10":"first","11":"instock","12":"featured","13":"taxable","14":"shipping-taxable","15":"purchasable","16":"product-type-simple"},"_links":{"self":[{"href":"https:\/\/strattus.com.br\/loja\/wp-json\/wp\/v2\/product\/558","targetHints":{"allow":["GET"]}}],"collection":[{"href":"https:\/\/strattus.com.br\/loja\/wp-json\/wp\/v2\/product"}],"about":[{"href":"https:\/\/strattus.com.br\/loja\/wp-json\/wp\/v2\/types\/product"}],"replies":[{"embeddable":true,"href":"https:\/\/strattus.com.br\/loja\/wp-json\/wp\/v2\/comments?post=558"}],"wp:featuredmedia":[{"embeddable":true,"href":"https:\/\/strattus.com.br\/loja\/wp-json\/wp\/v2\/media\/563"}],"wp:attachment":[{"href":"https:\/\/strattus.com.br\/loja\/wp-json\/wp\/v2\/media?parent=558"}],"wp:term":[{"taxonomy":"product_brand","embeddable":true,"href":"https:\/\/strattus.com.br\/loja\/wp-json\/wp\/v2\/product_brand?post=558"},{"taxonomy":"product_cat","embeddable":true,"href":"https:\/\/strattus.com.br\/loja\/wp-json\/wp\/v2\/product_cat?post=558"},{"taxonomy":"product_tag","embeddable":true,"href":"https:\/\/strattus.com.br\/loja\/wp-json\/wp\/v2\/product_tag?post=558"}],"curies":[{"name":"wp","href":"https:\/\/api.w.org\/{rel}","templated":true}]}}