{"id":559,"date":"2020-07-15T19:05:54","date_gmt":"2020-07-15T19:05:54","guid":{"rendered":"https:\/\/strattus.com.br\/loja\/produto\/import-placeholder-for-108\/"},"modified":"2026-03-19T18:53:07","modified_gmt":"2026-03-19T18:53:07","slug":"suplemento-de-maxima-nutricao-capilar","status":"publish","type":"product","link":"https:\/\/strattus.com.br\/loja\/produto\/suplemento-de-maxima-nutricao-capilar\/","title":{"rendered":"Suplemento de M\u00e1xima Nutri\u00e7\u00e3o Capilar"},"content":{"rendered":"<p>Suplemento Max Hair Renasce Fios &#8211; 90 c\u00e1psulas de 500 mg Strattus<\/p>\n<p>Registro ANVISA: conf. RDC 27\/2010 &#8211; COD CAT. 4300038 &#8211; ANVISA<\/p>\n<p>Ingredientes: Vitamina A &#8211; Retinol, Vitamina B1 &#8211; Tiamina, Vitamina B6 &#8211; Piridoxina, Biotina, Zinco Quelado, Sel\u00eanio Quelado, Vitamina E, Corn Starch, Di\u00f3xido de Sil\u00edco Coloidal, Glicina, Valina, Lisina, Alanina, Ciste\u00edna Serina, Metionina, Triptofano, Glutamina, \u00c0cido Glut\u00e2mico e \u00c0cido Asp\u00e1rtico.<br \/>\nSugest\u00e3o de Consumo: Ingerir 3 capsulas ao dia, de prefer\u00eancia ap\u00f3s uma das refei\u00e7\u00f5es.<\/p>\n<p>O Suplemento Vitam\u00ednico Mineral Max Efetive Hair \u00e9 um produto desenvolvido para atuar diretamente no engrossamento, crescimento e fortalecimento capilar. Atrav\u00e9s de seus nutrientes e composi\u00e7\u00e3o rica em vitaminas, o Suplemento Vitam\u00ednico Mineral Max Efetive Hair age diretamente na raiz, fazendo que a raiz capilar cres\u00e7a novamente, corrigindo falhas e entradas.<\/p>\n<p>O Suplemento Vitam\u00ednico Mineral Max Efetive Hair age fortemente tamb\u00e9m junto com o T\u00f4nico Max Efetive Hair Tratamento para Calv\u00edcie, com os mesmos unidos o Suplemento Vitam\u00ednico Mineral Max Efetive Hair engrossa os fios que o T\u00f4nico fez crescer. Assim voc\u00ea tem a total satisfa\u00e7\u00e3o no resultando tendo fios grossos e muito mais resistentes.<\/p>\n<p>O Suplemento Vitam\u00ednico Mineral Max Efetive Hair tamb\u00e9m pode ser usado para evitar a caspa e hidratar, isso \u00e9 proporcionado devido a presen\u00e7a da Vitamina A que que \u00e9 um nutriente com importante a\u00e7\u00e3o nas c\u00e9lulas capilares, promovendo maior hidrata\u00e7\u00e3o, redu\u00e7\u00e3o das pontas duplas e crescimento adequado, evitando o crescimento reduzido, aspecto opaco e queda excessiva dos fios est\u00e1 relacionada ao consumo insuficiente de vitamina A.<\/p>\n<p>E mais, O Suplemento Vitam\u00ednico Mineral Max Efetive Hair ajuda a fortalecer os fol\u00edculos de cabelo e as suas c\u00e9lulas, permitindo funcionar adequadamente. Al\u00e9m disso, o Suplemento Vitam\u00ednico Mineral Max Efetive Hair tamb\u00e9m ajuda o couro cabeludo a se livrar da pele morta, abrindo caminho para um novo crescimento ocorrer.<\/p>\n<p>O Suplemento Vitam\u00ednico Mineral Max Efetive Hair ajuda o corpo a retardar o envelhecimento da pele, al\u00e9m de prevenir doen\u00e7as que chegam com a idade. O Suplemento Vitam\u00ednico Mineral Max Efetive Hair \u00e9 tamb\u00e9m, um importante produtor de col\u00e1geno, prote\u00edna respons\u00e1vel por garantir elasticidade, vigor e sa\u00fade para seus cabelos.<\/p>\n<p>Ficha t\u00e9cnica<br \/>\n&#8211; sabor: Neutro<br \/>\n&#8211; T\u00edtulo manual: Suplemento Max Hair Renasce Fios Trat Calvicie &#8211; 90 Capsulas<br \/>\n&#8211; apresentacao: Pote<br \/>\n&#8211; tamanho: pequeno<\/p>\n","protected":false},"excerpt":{"rendered":"<div style=\"width: 640px;\" class=\"wp-video\"><!--[if lt IE 9]><script>document.createElement('video');<\/script><![endif]-->\n<video class=\"wp-video-shortcode\" id=\"video-559-1\" width=\"640\" height=\"384\" preload=\"metadata\" controls=\"controls\"><source type=\"video\/mp4\" src=\"https:\/\/strattus.com.br\/loja\/wp-content\/uploads\/2020\/07\/WhatsApp-Video-2021-09-20-at-16.01.34.mp4?_=1\" \/><a href=\"https:\/\/strattus.com.br\/loja\/wp-content\/uploads\/2020\/07\/WhatsApp-Video-2021-09-20-at-16.01.34.mp4\">https:\/\/strattus.com.br\/loja\/wp-content\/uploads\/2020\/07\/WhatsApp-Video-2021-09-20-at-16.01.34.mp4<\/a><\/video><\/div>\n<p>O Suplemento Vitam\u00ednico Mineral Max Efetive Hair \u00e9 um produto desenvolvido para atuar diretamente no engrossamento, crescimento e fortalecimento capilar. Atrav\u00e9s de seus nutrientes e composi\u00e7\u00e3o rica em vitaminas, o Suplemento Vitam\u00ednico Mineral Max Efetive Hair age diretamente na raiz, fazendo que a raiz capilar cres\u00e7a novamente, corrigindo falhas e entradas.<\/p>\n","protected":false},"featured_media":564,"comment_status":"open","ping_status":"closed","template":"","meta":{"_et_pb_use_builder":"","_et_pb_old_content":"","_et_gb_content_width":""},"product_brand":[],"product_cat":[25,29],"product_tag":[],"class_list":{"0":"post-559","1":"product","2":"type-product","3":"status-publish","4":"has-post-thumbnail","6":"product_cat-destaque","7":"product_cat-max-efetive-hair","9":"first","10":"instock","11":"featured","12":"taxable","13":"shipping-taxable","14":"purchasable","15":"product-type-simple"},"_links":{"self":[{"href":"https:\/\/strattus.com.br\/loja\/wp-json\/wp\/v2\/product\/559","targetHints":{"allow":["GET"]}}],"collection":[{"href":"https:\/\/strattus.com.br\/loja\/wp-json\/wp\/v2\/product"}],"about":[{"href":"https:\/\/strattus.com.br\/loja\/wp-json\/wp\/v2\/types\/product"}],"replies":[{"embeddable":true,"href":"https:\/\/strattus.com.br\/loja\/wp-json\/wp\/v2\/comments?post=559"}],"wp:featuredmedia":[{"embeddable":true,"href":"https:\/\/strattus.com.br\/loja\/wp-json\/wp\/v2\/media\/564"}],"wp:attachment":[{"href":"https:\/\/strattus.com.br\/loja\/wp-json\/wp\/v2\/media?parent=559"}],"wp:term":[{"taxonomy":"product_brand","embeddable":true,"href":"https:\/\/strattus.com.br\/loja\/wp-json\/wp\/v2\/product_brand?post=559"},{"taxonomy":"product_cat","embeddable":true,"href":"https:\/\/strattus.com.br\/loja\/wp-json\/wp\/v2\/product_cat?post=559"},{"taxonomy":"product_tag","embeddable":true,"href":"https:\/\/strattus.com.br\/loja\/wp-json\/wp\/v2\/product_tag?post=559"}],"curies":[{"name":"wp","href":"https:\/\/api.w.org\/{rel}","templated":true}]}}