{"id":812,"date":"2020-07-17T02:22:25","date_gmt":"2020-07-17T02:22:25","guid":{"rendered":"https:\/\/strattus.com.br\/loja\/?post_type=product&#038;p=812"},"modified":"2026-03-19T18:49:30","modified_gmt":"2026-03-19T18:49:30","slug":"creme-para-pentear-sem-enxague-240ml","status":"publish","type":"product","link":"https:\/\/strattus.com.br\/loja\/produto\/creme-para-pentear-sem-enxague-240ml\/","title":{"rendered":"Creme para pentear sem enxague &#8211; 240ml"},"content":{"rendered":"<p>Creme Para Pentear sem Enx\u00e1gue, Strattus<\/p>\n<p>Restaura pontas duplas;<br \/>\nAuto poder de desembara\u00e7o;<br \/>\nPoder de revitaliza\u00e7\u00e3o dos cabelos;<br \/>\nAlto pode de hidrata\u00e7\u00e3o;<br \/>\nMaciez, brilho e auto condicionamento.<\/p>\n<p>Especifica\u00e7\u00f5es:<br \/>\nMarca: Strattus<br \/>\nQuantidade: 240g<\/p>\n<p>Modo de Usar: Aplicar nos cabelos \u00famidos ou secos.<\/p>\n<p>Composi\u00e7\u00e3o: Cetearyl Alcohol, Tutano Oil, Butylated Hidroxytoluene, Cyclopentasiloxane (and) Dimethiconol, Propylene Glycol, Polyquaternium-7, Disodium EDTA, Cetrimonium Chloride, Methylchloroisothiazolinone; Methylisothiazolinone, Amodimeticona y cloruro de Cetrimonio y trideceth-12, Phenyl Trimethicone, Keratin, Parfum and Aqua.<\/p>\n<p>Recomenda\u00e7\u00f5es: Mantenha fora do alcance de crian\u00e7as. Manter em temperatura ambiente, ao abrigo do sol e calor. Em caso de contato acidental com os olhos, enxaguar abundantemente. N\u00e3o aplicar se o couro cabeludo estiver irritado ou lesionado. Havendo irrita\u00e7\u00e3o, suspender o uso e procurar um m\u00e9dico.<\/p>\n","protected":false},"excerpt":{"rendered":"<p>Restaura pontas duplas;<br \/>\nAuto poder de desembara\u00e7o;<br \/>\nPoder de revitaliza\u00e7\u00e3o dos cabelos;<br \/>\nAlto pode de hidrata\u00e7\u00e3o;<br \/>\nMaciez, brilho e auto condicionamento.<\/p>\n","protected":false},"featured_media":813,"comment_status":"open","ping_status":"closed","template":"","meta":{"_et_pb_use_builder":"","_et_pb_old_content":"","_et_gb_content_width":""},"product_brand":[],"product_cat":[87],"product_tag":[],"class_list":{"0":"post-812","1":"product","2":"type-product","3":"status-publish","4":"has-post-thumbnail","6":"product_cat-finalizantes","8":"first","9":"instock","10":"featured","11":"taxable","12":"shipping-taxable","13":"purchasable","14":"product-type-simple"},"_links":{"self":[{"href":"https:\/\/strattus.com.br\/loja\/wp-json\/wp\/v2\/product\/812","targetHints":{"allow":["GET"]}}],"collection":[{"href":"https:\/\/strattus.com.br\/loja\/wp-json\/wp\/v2\/product"}],"about":[{"href":"https:\/\/strattus.com.br\/loja\/wp-json\/wp\/v2\/types\/product"}],"replies":[{"embeddable":true,"href":"https:\/\/strattus.com.br\/loja\/wp-json\/wp\/v2\/comments?post=812"}],"wp:featuredmedia":[{"embeddable":true,"href":"https:\/\/strattus.com.br\/loja\/wp-json\/wp\/v2\/media\/813"}],"wp:attachment":[{"href":"https:\/\/strattus.com.br\/loja\/wp-json\/wp\/v2\/media?parent=812"}],"wp:term":[{"taxonomy":"product_brand","embeddable":true,"href":"https:\/\/strattus.com.br\/loja\/wp-json\/wp\/v2\/product_brand?post=812"},{"taxonomy":"product_cat","embeddable":true,"href":"https:\/\/strattus.com.br\/loja\/wp-json\/wp\/v2\/product_cat?post=812"},{"taxonomy":"product_tag","embeddable":true,"href":"https:\/\/strattus.com.br\/loja\/wp-json\/wp\/v2\/product_tag?post=812"}],"curies":[{"name":"wp","href":"https:\/\/api.w.org\/{rel}","templated":true}]}}