{"id":830,"date":"2020-07-17T02:41:26","date_gmt":"2020-07-17T02:41:26","guid":{"rendered":"https:\/\/strattus.com.br\/loja\/?post_type=product&#038;p=830"},"modified":"2026-03-19T18:48:05","modified_gmt":"2026-03-19T18:48:05","slug":"power-gel-250g","status":"publish","type":"product","link":"https:\/\/strattus.com.br\/loja\/produto\/power-gel-250g\/","title":{"rendered":"Power Gel efeito Mate &#8211; 250g"},"content":{"rendered":"<p>Power Gel &#8211; 250g<\/p>\n<p>&nbsp;<\/p>\n<p>Elaborado com subst\u00e2ncias de alta performance e aliado a tecnologia Power Gel da Strattus proporciona uma ultra fixa\u00e7\u00e3o deixando seus cabelos cada vez mais despojados e hidratados por muito mais tempo.<\/p>\n<p>Especifica\u00e7\u00f5es:<br \/>\nMarca: Strattus<br \/>\nQuantidade: 250g<\/p>\n<p>Modo de usar: Aplique o power gel cola nos cabelos \u00famidos com um pente modelando-os da forma que desejar. A\u00e7\u00e3o 24 horas.<\/p>\n<p>Composi\u00e7\u00e3o: PVP, Methylchloroisothiazolinone; Methylisothiazolinone, Carbomer, Parfum and Aqua.<\/p>\n<p>Recomenda\u00e7\u00f5es: Mantenha fora do alcance de crian\u00e7as. Manter em temperatura ambiente, ao abrigo do sol e calor. Em caso de contato acidental com os olhos, enxaguar abundantemente. N\u00e3o aplicar se o couro cabeludo estiver irritado ou lesionado. Havendo irrita\u00e7\u00e3o, suspender o uso e procurar um m\u00e9dico.<\/p>\n","protected":false},"excerpt":{"rendered":"<p>Elaborado com subst\u00e2ncias de alta performance e aliado a tecnologia Power Gel da Strattus proporciona uma ultra fixa\u00e7\u00e3o deixando seus cabelos cada vez mais despojados e hidratados por muito mais tempo.<\/p>\n","protected":false},"featured_media":1833,"comment_status":"open","ping_status":"closed","template":"","meta":{"_et_pb_use_builder":"","_et_pb_old_content":"","_et_gb_content_width":""},"product_brand":[],"product_cat":[87],"product_tag":[],"class_list":{"0":"post-830","1":"product","2":"type-product","3":"status-publish","4":"has-post-thumbnail","6":"product_cat-finalizantes","8":"first","9":"instock","10":"taxable","11":"shipping-taxable","12":"purchasable","13":"product-type-simple"},"_links":{"self":[{"href":"https:\/\/strattus.com.br\/loja\/wp-json\/wp\/v2\/product\/830","targetHints":{"allow":["GET"]}}],"collection":[{"href":"https:\/\/strattus.com.br\/loja\/wp-json\/wp\/v2\/product"}],"about":[{"href":"https:\/\/strattus.com.br\/loja\/wp-json\/wp\/v2\/types\/product"}],"replies":[{"embeddable":true,"href":"https:\/\/strattus.com.br\/loja\/wp-json\/wp\/v2\/comments?post=830"}],"wp:featuredmedia":[{"embeddable":true,"href":"https:\/\/strattus.com.br\/loja\/wp-json\/wp\/v2\/media\/1833"}],"wp:attachment":[{"href":"https:\/\/strattus.com.br\/loja\/wp-json\/wp\/v2\/media?parent=830"}],"wp:term":[{"taxonomy":"product_brand","embeddable":true,"href":"https:\/\/strattus.com.br\/loja\/wp-json\/wp\/v2\/product_brand?post=830"},{"taxonomy":"product_cat","embeddable":true,"href":"https:\/\/strattus.com.br\/loja\/wp-json\/wp\/v2\/product_cat?post=830"},{"taxonomy":"product_tag","embeddable":true,"href":"https:\/\/strattus.com.br\/loja\/wp-json\/wp\/v2\/product_tag?post=830"}],"curies":[{"name":"wp","href":"https:\/\/api.w.org\/{rel}","templated":true}]}}