{"id":865,"date":"2020-07-17T03:03:04","date_gmt":"2020-07-17T03:03:04","guid":{"rendered":"https:\/\/strattus.com.br\/loja\/?post_type=product&#038;p=865"},"modified":"2026-03-19T18:41:42","modified_gmt":"2026-03-19T18:41:42","slug":"shampoo-desintoxicante-250ml","status":"publish","type":"product","link":"https:\/\/strattus.com.br\/loja\/produto\/shampoo-desintoxicante-250ml\/","title":{"rendered":"Shampoo Desintoxicante &#8211; 250ml"},"content":{"rendered":"<p>Shampoo Desintoxicante<\/p>\n<p>Este produto da Strattus, foi desenvolvido com a mais alta tecnologia cosm\u00e9tica em termos de tratamento capilar. Buscamos nas plantas ativos de excel\u00eancia que garantem sa\u00fade e vitalidade aos cabelos. Produto este que desempenha uma fun\u00e7\u00e3o de limpeza e desintoxica\u00e7\u00e3o do fol\u00edculo capilar.<\/p>\n<p>Arnica: Utilizada em prepara\u00e7\u00f5es para o couro cabeludo como ativador de circula\u00e7\u00e3o e antiseborr\u00e9ico. Tem a\u00e7\u00e3o dermopurificante, tonificante, adstringente de ativa\u00e7\u00e3o de circula\u00e7\u00e3o perif\u00e9rica e estimulante do couro cabeludo quanto \u00e0 fragilidade capilar.<\/p>\n<p>Hamam\u00e9lis: Ativador de circula\u00e7\u00e3o do crescimento capilar. Previne a queda e a oleosidade do cabelo, \u00e9 fortalecedor capilar e um \u00f3timo ativo anti-caspa, promovendo brilho natural. Tem a\u00e7\u00e3o dermopurificante, tonificante, antioxidante, adstringente, restaurador de ativa\u00e7\u00e3o de circula\u00e7\u00e3o perif\u00e9rica e principalmente estimulante do couro cabeludo.<\/p>\n<p>Alecrim: Fortificante e estimulante do couro cabeludo, anti-caspa e anti-queda dos cabelos<\/p>\n<p>Melissa: Apresenta a\u00e7\u00e3o adstringente, refrescante, descongestionante e anti-s\u00e9ptica.<\/p>\n<p>Hortel\u00e3 \/ Menta: Proporciona sensa\u00e7\u00e3o de frescor ao couro cabeludo. Adstringente, anti-caspa, anest\u00e9sico, calmante e descongestionante.<\/p>\n<p>Especifica\u00e7\u00f5es:<br \/>\nMarca: Strattus<br \/>\nQuantidade: 250ml<\/p>\n<p>Modo de usar: Aplique nos cabelos molhados massageando suavemente. Enx\u00e1gue. Se necess\u00e1rio repita a opera\u00e7\u00e3o.<\/p>\n<p>Composi\u00e7\u00e3o: Cocamide Dea, Peg-6000, Disodium EDTA, Methylchloroisothiazolinone; Methylisothiazolinone, Sodium Laureth Sulfate, Cocamidopropyl Betaine, Arnica Chamissonis flower Extract, Guar Hydroxypropyltrimonium Chloride, Hamamelis Virginiana Bark\/Leaf\/Twig Extract, Rosmarinus Officinalis Extract; Melissa Officinalis Extract; Mentha Arvensis Extract; Glycerin; Menthol, Parfum and Aqua<\/p>\n<p>Recomenda\u00e7\u00f5es:<br \/>\nMantenha fora do alcance de crian\u00e7as. Manter em temperatura ambiente, ao abrigo do sol e calor. Em caso de contato acidental com os olhos, enxaguar abundantemente. N\u00e3o aplicar se o couro cabeludo estiver irritado ou lesionado. Havendo irrita\u00e7\u00e3o, suspender o uso e procurar um m\u00e9dico.<\/p>\n","protected":false},"excerpt":{"rendered":"<p>Este produto da Strattus, foi desenvolvido com a mais alta tecnologia cosm\u00e9tica em termos de tratamento capilar. Buscamos nas plantas ativos de excel\u00eancia que garantem sa\u00fade e vitalidade aos cabelos. Produto este que desempenha uma fun\u00e7\u00e3o de limpeza e desintoxica\u00e7\u00e3o do fol\u00edculo capilar.<\/p>\n","protected":false},"featured_media":845,"comment_status":"open","ping_status":"closed","template":"","meta":{"_et_pb_use_builder":"","_et_pb_old_content":"","_et_gb_content_width":""},"product_brand":[],"product_cat":[85,89],"product_tag":[],"class_list":{"0":"post-865","1":"product","2":"type-product","3":"status-publish","4":"has-post-thumbnail","6":"product_cat-manutencao","7":"product_cat-tratamento","9":"first","10":"instock","11":"taxable","12":"shipping-taxable","13":"purchasable","14":"product-type-simple"},"_links":{"self":[{"href":"https:\/\/strattus.com.br\/loja\/wp-json\/wp\/v2\/product\/865","targetHints":{"allow":["GET"]}}],"collection":[{"href":"https:\/\/strattus.com.br\/loja\/wp-json\/wp\/v2\/product"}],"about":[{"href":"https:\/\/strattus.com.br\/loja\/wp-json\/wp\/v2\/types\/product"}],"replies":[{"embeddable":true,"href":"https:\/\/strattus.com.br\/loja\/wp-json\/wp\/v2\/comments?post=865"}],"wp:featuredmedia":[{"embeddable":true,"href":"https:\/\/strattus.com.br\/loja\/wp-json\/wp\/v2\/media\/845"}],"wp:attachment":[{"href":"https:\/\/strattus.com.br\/loja\/wp-json\/wp\/v2\/media?parent=865"}],"wp:term":[{"taxonomy":"product_brand","embeddable":true,"href":"https:\/\/strattus.com.br\/loja\/wp-json\/wp\/v2\/product_brand?post=865"},{"taxonomy":"product_cat","embeddable":true,"href":"https:\/\/strattus.com.br\/loja\/wp-json\/wp\/v2\/product_cat?post=865"},{"taxonomy":"product_tag","embeddable":true,"href":"https:\/\/strattus.com.br\/loja\/wp-json\/wp\/v2\/product_tag?post=865"}],"curies":[{"name":"wp","href":"https:\/\/api.w.org\/{rel}","templated":true}]}}