{"id":873,"date":"2020-07-17T03:34:04","date_gmt":"2020-07-17T03:34:04","guid":{"rendered":"https:\/\/strattus.com.br\/loja\/?post_type=product&#038;p=873"},"modified":"2026-03-19T18:37:31","modified_gmt":"2026-03-19T18:37:31","slug":"shampoo-cation-houster-250ml","status":"publish","type":"product","link":"https:\/\/strattus.com.br\/loja\/produto\/shampoo-cation-houster-250ml\/","title":{"rendered":"Shampoo C\u00e1tion Houster &#8211; 250ml"},"content":{"rendered":"<p>Shampoo Cation Houster<\/p>\n<p>Este produto da Strattus, foi desenvolvido com a mais alta tecnologia cosm\u00e9tica em termos de tratamento capilar. Buscamos ativos de excel\u00eancia que garantem sa\u00fade e vitalidade aos cabelos. Produto este que desempenha uma fun\u00e7\u00e3o de limpeza e ao mesmo tempo de rica nutri\u00e7\u00e3o em ativos de alta performance. Sa\u00fade, vitalidade e nutri\u00e7\u00e3o intensiva fazem deste produto uma excel\u00eancia.<\/p>\n<p>Queratina: Associada \u00e0 prote\u00edna, ajuda na recupera\u00e7\u00e3o dos fios fracos, limpa, revitaliza e nutre, proporcionando maciez e brilho para cabelos tingidos, descoloridos e que passam por processos qu\u00edmicos.<\/p>\n<p>Amino\u00e1cidos: ret\u00e9m alta umidade, melhora a maciez, textura e manuseio do cabelo, al\u00e9m de promover uma intensa reestrutura\u00e7\u00e3o dentro da fibra.<\/p>\n<p>Prote\u00ednas: Umecta\u00e7\u00e3o, condicionamento, substantividade, forma\u00e7\u00e3o de filme, possibilidade de condicionamento permanente.<\/p>\n<p>Especifica\u00e7\u00f5es:<br \/>\nMarca: Strattus<br \/>\nQuantidade: 250ml<\/p>\n<p>Modo de usar: Aplique nos cabelos molhados massageando suavemente. Enx\u00e1gue. Se necess\u00e1rio repita a opera\u00e7\u00e3o.<\/p>\n<p>Composi\u00e7\u00e3o: Cocamide Dea, Peg-6000, Glycerin, Disodium EDTA, Methylchloroisothiazolinone; Methylisothiazolinone, Citric Acid, Polyquaternium-7, Cetrimonium Chloride, Peg-12 Dimeticona, Sodium Laureth Sulfate, Cocamide Dea Glycol Distearate Sodium Laureth Sulfate, Cocamidopropyl Betaine, Hydroxypropyl Guar Hydroxypropyltrimonium Chloride, Caramel, Dimethicone, Keratin, Silk Amino Acids; Aqua, Laurdimonium Hydroxypropyl Hydrolyzed Wheat Protein; Aqua, Divinildimeticone \/ Dimeticone Copolimero (E) C12 &#8211; 13 Paret &#8211; 23 e C12 &#8211; 13 Paret \u2013 3, Parfum and Aqua.<\/p>\n<p>Recomenda\u00e7\u00f5es: Mantenha fora do alcance de crian\u00e7as. Manter em temperatura ambiente, ao abrigo do sol e calor. Em caso de contato acidental com os olhos, enxaguar abundantemente. N\u00e3o aplicar se o couro cabeludo estiver irritado ou lesionado. Havendo irrita\u00e7\u00e3o, suspender o uso e procurar um m\u00e9dico.<\/p>\n","protected":false},"excerpt":{"rendered":"<p>Este produto da Strattus, foi desenvolvido com a mais alta tecnologia cosm\u00e9tica em termos de tratamento capilar. Buscamos ativos de excel\u00eancia que garantem sa\u00fade e vitalidade aos cabelos. Produto este que desempenha uma fun\u00e7\u00e3o de limpeza e ao mesmo tempo de rica nutri\u00e7\u00e3o em ativos de alta performance. Sa\u00fade, vitalidade e nutri\u00e7\u00e3o intensiva fazem deste produto uma excel\u00eancia.<\/p>\n","protected":false},"featured_media":851,"comment_status":"open","ping_status":"closed","template":"","meta":{"_et_pb_use_builder":"","_et_pb_old_content":"","_et_gb_content_width":""},"product_brand":[],"product_cat":[85,89],"product_tag":[],"class_list":{"0":"post-873","1":"product","2":"type-product","3":"status-publish","4":"has-post-thumbnail","6":"product_cat-manutencao","7":"product_cat-tratamento","9":"first","10":"instock","11":"taxable","12":"shipping-taxable","13":"purchasable","14":"product-type-simple"},"_links":{"self":[{"href":"https:\/\/strattus.com.br\/loja\/wp-json\/wp\/v2\/product\/873","targetHints":{"allow":["GET"]}}],"collection":[{"href":"https:\/\/strattus.com.br\/loja\/wp-json\/wp\/v2\/product"}],"about":[{"href":"https:\/\/strattus.com.br\/loja\/wp-json\/wp\/v2\/types\/product"}],"replies":[{"embeddable":true,"href":"https:\/\/strattus.com.br\/loja\/wp-json\/wp\/v2\/comments?post=873"}],"wp:featuredmedia":[{"embeddable":true,"href":"https:\/\/strattus.com.br\/loja\/wp-json\/wp\/v2\/media\/851"}],"wp:attachment":[{"href":"https:\/\/strattus.com.br\/loja\/wp-json\/wp\/v2\/media?parent=873"}],"wp:term":[{"taxonomy":"product_brand","embeddable":true,"href":"https:\/\/strattus.com.br\/loja\/wp-json\/wp\/v2\/product_brand?post=873"},{"taxonomy":"product_cat","embeddable":true,"href":"https:\/\/strattus.com.br\/loja\/wp-json\/wp\/v2\/product_cat?post=873"},{"taxonomy":"product_tag","embeddable":true,"href":"https:\/\/strattus.com.br\/loja\/wp-json\/wp\/v2\/product_tag?post=873"}],"curies":[{"name":"wp","href":"https:\/\/api.w.org\/{rel}","templated":true}]}}