{"id":874,"date":"2020-07-17T03:36:13","date_gmt":"2020-07-17T03:36:13","guid":{"rendered":"https:\/\/strattus.com.br\/loja\/?post_type=product&#038;p=874"},"modified":"2026-03-19T18:36:50","modified_gmt":"2026-03-19T18:36:50","slug":"mascara-jaborandi-250g","status":"publish","type":"product","link":"https:\/\/strattus.com.br\/loja\/produto\/mascara-jaborandi-250g\/","title":{"rendered":"M\u00e1scara Jaborand\u00ed &#8211; 250g"},"content":{"rendered":"<p>Este produto da Strattus, foi desenvolvido com a mais alta tecnologia cosm\u00e9tica em termos de tratamento capilar. Buscamos ativos de excel\u00eancia que garantem sa\u00fade e vitalidade aos cabelos. Produto este que desempenha uma fun\u00e7\u00e3o de limpeza e ao mesmo tempo de rica nutri\u00e7\u00e3o em ativos de alta performance. Sa\u00fade, vitalidade e nutri\u00e7\u00e3o intensiva fazem deste produto uma excel\u00eancia.<\/p>\n<p>Jaborandi: Tem um princ\u00edpio ativo chamado pilocarpina que \u00e9 um excelente composto natural anti-queda de cabelos, adstringente, anti-s\u00e9ptico, anti-oleosidade, estimulante capilar e estimulante do crescimento dos cabelos.<\/p>\n<p>Alecrim: Fortificante e estimulante do couro cabeludo, anti-caspa e anti-queda.<\/p>\n<p>S\u00e1lvia: Anti-perspirante anti-s\u00e9ptica, anti-seborr\u00eaica, estimulante do crescimento dos cabelos.<\/p>\n<p>Especifica\u00e7\u00f5es:<br \/>\nMarca: Strattus<br \/>\nQuantidade: 250ml<\/p>\n<p>Modo de usar: Aplique nos cabelos molhados massageando suavemente. Enx\u00e1gue. Se necess\u00e1rio repita a opera\u00e7\u00e3o.<\/p>\n<p>Composi\u00e7\u00e3o: Cocamide Dea, Peg-6000, Cetrimonium Chloride, Cocamidopropyl Betaine, Glycerin, Polyquaternium-7, Disodium EDTA, Guar Hydroxypropyltrimonium Chloride, Peg-12 Dimeticona, Arnica Chamissonis flower Extract, Methylchloroisothiazolinone; Methylisothiazolinone, Sodium Laureth Sulfate, Cocamide Dea Glycol Distearate Sodium Laureth Sulfate, Dimethicone, Pilocarpus Pennatifolius Leaf Extract, Rosmarinus Officinalis Leaf Extract, Salvia Officinalis Leaf Extract, Divinildimeticone \/ Dimeticone Copolimero (E) C12 &#8211; 13 Paret &#8211; 23 e C12 &#8211; 13 Paret \u2013 3, Parfum and Aqua.<\/p>\n<p>Recomenda\u00e7\u00f5es: Mantenha fora do alcance de crian\u00e7as. Manter em temperatura ambiente, ao abrigo do sol e calor. Em caso de contato acidental com os olhos, enxaguar abundantemente. N\u00e3o aplicar se o couro cabeludo estiver irritado ou lesionado. Havendo irrita\u00e7\u00e3o, suspender o uso e procurar um m\u00e9dico.<\/p>\n","protected":false},"excerpt":{"rendered":"<p>Jaborandi: Tem um princ\u00edpio ativo chamado pilocarpina que \u00e9 um excelente composto natural anti-queda de cabelos, adstringente, anti-s\u00e9ptico, anti-oleosidade, estimulante capilar e estimulante do crescimento dos cabelos.<\/p>\n","protected":false},"featured_media":852,"comment_status":"open","ping_status":"closed","template":"","meta":{"_et_pb_use_builder":"","_et_pb_old_content":"","_et_gb_content_width":""},"product_brand":[],"product_cat":[85,89],"product_tag":[],"class_list":{"0":"post-874","1":"product","2":"type-product","3":"status-publish","4":"has-post-thumbnail","6":"product_cat-manutencao","7":"product_cat-tratamento","9":"first","10":"instock","11":"taxable","12":"shipping-taxable","13":"purchasable","14":"product-type-simple"},"_links":{"self":[{"href":"https:\/\/strattus.com.br\/loja\/wp-json\/wp\/v2\/product\/874","targetHints":{"allow":["GET"]}}],"collection":[{"href":"https:\/\/strattus.com.br\/loja\/wp-json\/wp\/v2\/product"}],"about":[{"href":"https:\/\/strattus.com.br\/loja\/wp-json\/wp\/v2\/types\/product"}],"replies":[{"embeddable":true,"href":"https:\/\/strattus.com.br\/loja\/wp-json\/wp\/v2\/comments?post=874"}],"wp:featuredmedia":[{"embeddable":true,"href":"https:\/\/strattus.com.br\/loja\/wp-json\/wp\/v2\/media\/852"}],"wp:attachment":[{"href":"https:\/\/strattus.com.br\/loja\/wp-json\/wp\/v2\/media?parent=874"}],"wp:term":[{"taxonomy":"product_brand","embeddable":true,"href":"https:\/\/strattus.com.br\/loja\/wp-json\/wp\/v2\/product_brand?post=874"},{"taxonomy":"product_cat","embeddable":true,"href":"https:\/\/strattus.com.br\/loja\/wp-json\/wp\/v2\/product_cat?post=874"},{"taxonomy":"product_tag","embeddable":true,"href":"https:\/\/strattus.com.br\/loja\/wp-json\/wp\/v2\/product_tag?post=874"}],"curies":[{"name":"wp","href":"https:\/\/api.w.org\/{rel}","templated":true}]}}