{"id":877,"date":"2020-07-17T03:46:52","date_gmt":"2020-07-17T03:46:52","guid":{"rendered":"https:\/\/strattus.com.br\/loja\/?post_type=product&#038;p=877"},"modified":"2026-03-19T18:32:52","modified_gmt":"2026-03-19T18:32:52","slug":"mascara-cation-houster-1kg","status":"publish","type":"product","link":"https:\/\/strattus.com.br\/loja\/produto\/mascara-cation-houster-1kg\/","title":{"rendered":"M\u00e1scara C\u00e1tion Houster &#8211; 1kg"},"content":{"rendered":"<p>&nbsp;<\/p>\n<p>C\u00e1tion Houster, Strattus<\/p>\n<p>O C\u00e1tion Houster da Strattus Cosm\u00e9tica Profissional age r\u00e1pido e instantaneamente, deixando os cabelos super hidratados, sedosos, macios e com brilho. \u00c9 indicada para todos os tipos de cabelos. Dentre seus benef\u00edcios, destacam-se o efeito anti frizz, o alinhamento dos cabelos, a sedosidade, a maciez e o brilho intenso.<\/p>\n<p>Especifica\u00e7\u00f5es:<br \/>\nMarca: Strattus<br \/>\nQuantidade: 1Kg<\/p>\n<p>Modo de usar: Ap\u00f3s lavar os cabelos com o Shampoo, aplicar a M\u00e1scara condicionante em toda extens\u00e3o dos fios, massageando-os, deixando agir por alguns minutos. Caso necess\u00e1rio recomenda-se o uso de touca. Em seguida enx\u00e1gue.<\/p>\n<p>Composi\u00e7\u00e3o: Methylchloroisothiazolinone; Methylisothiazolinone, Butylated Hidroxytoluene, Disodium EDTA, Behentrimonium Chloride, Acetylated Lanolin Alcohol; Cetyl Acetate, Hydroxypropyl Guar Hydroxypropyltrimonium Chloride, Dimethicone ( and ) TEA Dodecylbenzenesulfonate, Aqua Acetamide Mea, Cetrimonium Chloride, Amodimeticona y cloruro de Cetrimonio y trideceth-12, Cetearyl Alcohol, Paraffinum Liquidum and Aqua.<\/p>\n<p>Recomenda\u00e7\u00f5es: Mantenha fora do alcance de crian\u00e7as. Manter em temperatura ambiente, ao abrigo do sol e calor. Em caso de contato acidental com os olhos, enxaguar abundantemente. N\u00e3o aplicar se o couro cabeludo estiver irritado ou lesionado. Havendo irrita\u00e7\u00e3o, suspender o uso e procurar um m\u00e9dico.<\/p>\n<p>&nbsp;<\/p>\n","protected":false},"excerpt":{"rendered":"<p>O C\u00e1tion Houster da Strattus Cosm\u00e9tica Profissional age r\u00e1pido e instantaneamente, deixando os cabelos super hidratados, sedosos, macios e com brilho. \u00c9 indicada para todos os tipos de cabelos. Dentre seus benef\u00edcios, destacam-se o efeito anti frizz, o alinhamento dos cabelos, a sedosidade, a maciez e o brilho intenso.<\/p>\n","protected":false},"featured_media":878,"comment_status":"open","ping_status":"closed","template":"","meta":{"_et_pb_use_builder":"","_et_pb_old_content":"","_et_gb_content_width":""},"product_brand":[],"product_cat":[23,25],"product_tag":[],"class_list":{"0":"post-877","1":"product","2":"type-product","3":"status-publish","4":"has-post-thumbnail","6":"product_cat-quimica","7":"product_cat-destaque","9":"first","10":"instock","11":"featured","12":"taxable","13":"shipping-taxable","14":"purchasable","15":"product-type-simple"},"_links":{"self":[{"href":"https:\/\/strattus.com.br\/loja\/wp-json\/wp\/v2\/product\/877","targetHints":{"allow":["GET"]}}],"collection":[{"href":"https:\/\/strattus.com.br\/loja\/wp-json\/wp\/v2\/product"}],"about":[{"href":"https:\/\/strattus.com.br\/loja\/wp-json\/wp\/v2\/types\/product"}],"replies":[{"embeddable":true,"href":"https:\/\/strattus.com.br\/loja\/wp-json\/wp\/v2\/comments?post=877"}],"wp:featuredmedia":[{"embeddable":true,"href":"https:\/\/strattus.com.br\/loja\/wp-json\/wp\/v2\/media\/878"}],"wp:attachment":[{"href":"https:\/\/strattus.com.br\/loja\/wp-json\/wp\/v2\/media?parent=877"}],"wp:term":[{"taxonomy":"product_brand","embeddable":true,"href":"https:\/\/strattus.com.br\/loja\/wp-json\/wp\/v2\/product_brand?post=877"},{"taxonomy":"product_cat","embeddable":true,"href":"https:\/\/strattus.com.br\/loja\/wp-json\/wp\/v2\/product_cat?post=877"},{"taxonomy":"product_tag","embeddable":true,"href":"https:\/\/strattus.com.br\/loja\/wp-json\/wp\/v2\/product_tag?post=877"}],"curies":[{"name":"wp","href":"https:\/\/api.w.org\/{rel}","templated":true}]}}