{"id":885,"date":"2020-07-17T03:57:11","date_gmt":"2020-07-17T03:57:11","guid":{"rendered":"https:\/\/strattus.com.br\/loja\/?post_type=product&#038;p=885"},"modified":"2026-04-03T04:37:25","modified_gmt":"2026-04-03T04:37:25","slug":"ampolas-de-osmose-bio-ativas","status":"publish","type":"product","link":"https:\/\/strattus.com.br\/loja\/produto\/ampolas-de-osmose-bio-ativas\/","title":{"rendered":"Ampolas de Osmose Bio Ativas"},"content":{"rendered":"<p>Ampolas de Osmose Bio Ativas<\/p>\n<p>Os processos qu\u00edmicos como tinturas, luzes, reflexos, relaxamento, progressivas, entre outros, provocam na fibra capilar uma certa desestrutura\u00e7\u00e3o que deixa os cabelos porosos, fracos e sem resist\u00eancia, quebrando-os e deixando-os espigados. A Ampola de Osmose Bio Ativa, foi desenvolvida para proporcionar a estes cabelos uma a\u00e7\u00e3o altamente corretiva, doando para fibra capilar atrav\u00e9s do processo de osmose, altas quantidades de amino\u00e1cidos, prote\u00ednas e queratina, os quais comp\u00f5em a estrutura do cabelo. Atrav\u00e9s deste processo de osmose, o cabelo ficar\u00e1 com mais resist\u00eancia, pois estas subst\u00e2ncias preencher\u00e3o os poros deixados pelo processo qu\u00edmico. Al\u00e9m disso haver\u00e1 uma recupera\u00e7\u00e3o, restaura\u00e7\u00e3o e nutri\u00e7\u00e3o.<\/p>\n<p>Especifica\u00e7\u00f5es:<br \/>\nMarca: Strattus<br \/>\nQuantidade: 7 ampolas de 15ml cada<\/p>\n<p>Modo de usar: Ap\u00f3s lavar os cabelos com shampoo, retire o excesso de \u00e1gua e aplique o conte\u00fado de uma ampola de Osmose Bio Ativa. Massageie por alguns minutos e enx\u00e1gue com \u00e1gua fria retirando apenas o excesso. Indicado o uso pelo menos 1 vez por semana.<\/p>\n<p>Composi\u00e7\u00e3o: Behentrimonium Chloride, Cetrimonium Chloride, Lanolin, Disodium EDTA, Propylene Glycol, Hydroxypropyl Guar Hydroxypropyltrimonium Chloride, Cocamidopropyl Betaine, Dimethiconol (and) Cyclomethicone, Laureth-23 and Laureth-4, Glycerin, Methylchloroisothiazolinone; Methylisothiazolinone, Silk Amino Acids; Aqua, Keratin, Laurdimonium Hydroxypropyl Hydrolyzed Wheat Protein; Aqua, Peg-150\/Decyl Alcohol \/SMDI Copolymer, Amodimeticona y cloruro de Cetrimonio y trideceth-12, Carum Petroselium Extract; Aqua;Propylene Glycol, Parfum and Aqua.<\/p>\n<p>Recomenda\u00e7\u00f5es: Mantenha fora do alcance de crian\u00e7as. Manter em temperatura ambiente, ao abrigo do sol e calor. Em caso de contato acidental com os olhos, enxaguar abundantemente. N\u00e3o aplicar se o couro cabeludo estiver irritado ou lesionado. Havendo irrita\u00e7\u00e3o, suspender o uso e procurar um m\u00e9dico.<\/p>\n","protected":false},"excerpt":{"rendered":"<p>Os processos qu\u00edmicos como tinturas, luzes, reflexos, relaxamento, progressivas, entre outros, provocam na fibra capilar uma certa desestrutura\u00e7\u00e3o que deixa os cabelos porosos, fracos e sem resist\u00eancia, quebrando-os e deixando-os espigados. A Ampola de Osmose Bio Ativa, foi desenvolvida para proporcionar a estes cabelos uma a\u00e7\u00e3o altamente corretiva, doando para fibra capilar atrav\u00e9s do processo de osmose, altas quantidades de amino\u00e1cidos, prote\u00ednas e queratina, os quais comp\u00f5em a estrutura do cabelo. Atrav\u00e9s deste processo de osmose, o cabelo ficar\u00e1 com mais resist\u00eancia, pois estas subst\u00e2ncias preencher\u00e3o os poros deixados pelo processo qu\u00edmico. Al\u00e9m disso haver\u00e1 uma recupera\u00e7\u00e3o, restaura\u00e7\u00e3o e nutri\u00e7\u00e3o.<\/p>\n","protected":false},"featured_media":886,"comment_status":"open","ping_status":"closed","template":"","meta":{"_et_pb_use_builder":"","_et_pb_old_content":"","_et_gb_content_width":""},"product_brand":[],"product_cat":[88],"product_tag":[],"class_list":{"0":"post-885","1":"product","2":"type-product","3":"status-publish","4":"has-post-thumbnail","6":"product_cat-reconstrucao","8":"first","9":"instock","10":"featured","11":"taxable","12":"shipping-taxable","13":"purchasable","14":"product-type-simple"},"_links":{"self":[{"href":"https:\/\/strattus.com.br\/loja\/wp-json\/wp\/v2\/product\/885","targetHints":{"allow":["GET"]}}],"collection":[{"href":"https:\/\/strattus.com.br\/loja\/wp-json\/wp\/v2\/product"}],"about":[{"href":"https:\/\/strattus.com.br\/loja\/wp-json\/wp\/v2\/types\/product"}],"replies":[{"embeddable":true,"href":"https:\/\/strattus.com.br\/loja\/wp-json\/wp\/v2\/comments?post=885"}],"wp:featuredmedia":[{"embeddable":true,"href":"https:\/\/strattus.com.br\/loja\/wp-json\/wp\/v2\/media\/886"}],"wp:attachment":[{"href":"https:\/\/strattus.com.br\/loja\/wp-json\/wp\/v2\/media?parent=885"}],"wp:term":[{"taxonomy":"product_brand","embeddable":true,"href":"https:\/\/strattus.com.br\/loja\/wp-json\/wp\/v2\/product_brand?post=885"},{"taxonomy":"product_cat","embeddable":true,"href":"https:\/\/strattus.com.br\/loja\/wp-json\/wp\/v2\/product_cat?post=885"},{"taxonomy":"product_tag","embeddable":true,"href":"https:\/\/strattus.com.br\/loja\/wp-json\/wp\/v2\/product_tag?post=885"}],"curies":[{"name":"wp","href":"https:\/\/api.w.org\/{rel}","templated":true}]}}