{"id":892,"date":"2020-07-17T04:08:04","date_gmt":"2020-07-17T04:08:04","guid":{"rendered":"https:\/\/strattus.com.br\/loja\/?post_type=product&#038;p=892"},"modified":"2026-03-19T18:30:28","modified_gmt":"2026-03-19T18:30:28","slug":"creme-de-hidratacao-profunda-1100g","status":"publish","type":"product","link":"https:\/\/strattus.com.br\/loja\/produto\/creme-de-hidratacao-profunda-1100g\/","title":{"rendered":"Creme de Hidrata\u00e7\u00e3o Profunda &#8211; 1100g"},"content":{"rendered":"<p>&nbsp;<\/p>\n<p>Creme de Hidrata\u00e7\u00e3o Profunda, Strattus<\/p>\n<p>O Creme de Hidrata\u00e7\u00e3o Profunda da Strattus, foi especialmente desenvolvido para tratamentos com alto poder de hidrata\u00e7\u00e3o. Cont\u00e9m em sua f\u00f3rmula Tutano, queratina e silicones que formam um filme sobre os fios de cabelo, fechando as escamas e restaurando a cut\u00edcula capilar. Produtos de excel\u00eancia que proporcionam um brilho adicional e um realce intenso na cor dos cabelos.<\/p>\n<p>Especifica\u00e7\u00f5es:<br \/>\nMarca: Strattus<br \/>\nQuantidade: 1,1Kg<\/p>\n<p>Modo de usar: Ap\u00f3s lavar os cabelos com o shampoo, aplicar o Creme de Hidrata\u00e7\u00e3o Profunda e deixar agir por 20 a 40 minutos massageando os cabelos. Logo ap\u00f3s. Enx\u00e1guar.<\/p>\n<p>Composi\u00e7\u00e3o: Cetearyl Alcohol, Paraffinum Liquidum, Tutano Oil, Butylated Hidroxytoluene, Polyquaternium-7, Disodium EDTA, Glycerin, Cetrimonium Chloride, Methylchloroisothiazolinone; Methylisothiazolinone, Keratin, Amodimeticona y cloruro de Cetrimonio y trideceth-12, Phenyl Trimethicone, Parfum and Aqua.<\/p>\n<p>Recomenda\u00e7\u00f5es: Mantenha fora do alcance de crian\u00e7as. Manter em temperatura ambiente, ao abrigo do sol e calor. Em caso de contato acidental com os olhos, enxaguar abundantemente. N\u00e3o aplicar se o couro cabeludo estiver irritado ou lesionado. Havendo irrita\u00e7\u00e3o, suspender o uso e procurar um m\u00e9dico.<\/p>\n<p>unda &#8211; 1<\/p>\n","protected":false},"excerpt":{"rendered":"<p>O Creme de Hidrata\u00e7\u00e3o Profunda da Strattus, foi especialmente desenvolvido para tratamentos com alto poder de hidrata\u00e7\u00e3o. Cont\u00e9m em sua f\u00f3rmula Tutano, queratina e silicones que formam um filme sobre os fios de cabelo, fechando as escamas e restaurando a cut\u00edcula capilar. Produtos de excel\u00eancia que proporcionam um brilho adicional e um realce intenso na cor dos cabelos.<\/p>\n","protected":false},"featured_media":1030,"comment_status":"open","ping_status":"closed","template":"","meta":{"_et_pb_use_builder":"","_et_pb_old_content":"","_et_gb_content_width":""},"product_brand":[],"product_cat":[86,85,88,89],"product_tag":[],"class_list":{"0":"post-892","1":"product","2":"type-product","3":"status-publish","4":"has-post-thumbnail","6":"product_cat-lavatorio","7":"product_cat-manutencao","8":"product_cat-reconstrucao","9":"product_cat-tratamento","11":"first","12":"instock","13":"taxable","14":"shipping-taxable","15":"purchasable","16":"product-type-simple"},"_links":{"self":[{"href":"https:\/\/strattus.com.br\/loja\/wp-json\/wp\/v2\/product\/892","targetHints":{"allow":["GET"]}}],"collection":[{"href":"https:\/\/strattus.com.br\/loja\/wp-json\/wp\/v2\/product"}],"about":[{"href":"https:\/\/strattus.com.br\/loja\/wp-json\/wp\/v2\/types\/product"}],"replies":[{"embeddable":true,"href":"https:\/\/strattus.com.br\/loja\/wp-json\/wp\/v2\/comments?post=892"}],"wp:featuredmedia":[{"embeddable":true,"href":"https:\/\/strattus.com.br\/loja\/wp-json\/wp\/v2\/media\/1030"}],"wp:attachment":[{"href":"https:\/\/strattus.com.br\/loja\/wp-json\/wp\/v2\/media?parent=892"}],"wp:term":[{"taxonomy":"product_brand","embeddable":true,"href":"https:\/\/strattus.com.br\/loja\/wp-json\/wp\/v2\/product_brand?post=892"},{"taxonomy":"product_cat","embeddable":true,"href":"https:\/\/strattus.com.br\/loja\/wp-json\/wp\/v2\/product_cat?post=892"},{"taxonomy":"product_tag","embeddable":true,"href":"https:\/\/strattus.com.br\/loja\/wp-json\/wp\/v2\/product_tag?post=892"}],"curies":[{"name":"wp","href":"https:\/\/api.w.org\/{rel}","templated":true}]}}