{"id":898,"date":"2020-07-17T04:12:25","date_gmt":"2020-07-17T04:12:25","guid":{"rendered":"https:\/\/strattus.com.br\/loja\/?post_type=product&#038;p=898"},"modified":"2026-03-19T18:29:25","modified_gmt":"2026-03-19T18:29:25","slug":"mascara-capilar-de-alto-impacto","status":"publish","type":"product","link":"https:\/\/strattus.com.br\/loja\/produto\/mascara-capilar-de-alto-impacto\/","title":{"rendered":"M\u00e1scara Capilar Master de Alto Impacto"},"content":{"rendered":"<p>M\u00e1scara Capilar Master\u00a0 de Alto Impacto, Strattus<\/p>\n<p>A M\u00e1scara Capilar de Semi di Lino e Biopolimero de Algas Marinhas da Strattus, foi especialmente desenvolvida para tratamentos de alto impacto em cabelos com tintura ou qu\u00edmica. Cont\u00e9m em sua f\u00f3rmula Semi di Lino e Algas Marinhas, Ativos hidratantes e Condicionantes, Silicones que formam um filme sobre os fios de cabelo, fechando as escamas e restaurando a cut\u00edcula capilar. Produtos de excel\u00eancia que proporcionam um brilho adicional e um realce intenso na cor dos cabelos.<\/p>\n<p>Especifica\u00e7\u00f5es:<br \/>\nMarca: Strattus<br \/>\nQuantidade: 500g<\/p>\n<p>Modo de usar: Ap\u00f3s lavar os cabelos com o shampoo, aplicar a M\u00e1scara e deixar agir por alguns minutos massageando os cabelos. Logo ap\u00f3s. Enx\u00e1guar.<\/p>\n<p>Composi\u00e7\u00e3o: Ceteareth-20, Butylated Hidroxytoluene, Linum Usitatissimum Seed Oil, Paraffinum Liquidum, Cetearyl Alcohol, Glycerin, Methylchloroisothiazolinone; Methylisothiazolinone, Disodium EDTA, Cetrimonium Chloride, Behentrimonium Chloride, Phenyl Trimethicone, PPG-3 Benzyl Ether Myristate, Amodimeticona y cloruro de Cetrimonio y trideceth-12, Parfum and Aqua.<\/p>\n<p>Recomenda\u00e7\u00f5es: Mantenha fora do alcance de crian\u00e7as. Manter em temperatura ambiente, ao abrigo do sol e calor. Em caso de contato acidental com os olhos, enxaguar abundantemente. N\u00e3o aplicar se o couro cabeludo estiver irritado ou lesionado. Havendo irrita\u00e7\u00e3o, suspender o uso e procurar um m\u00e9dico.<\/p>\n","protected":false},"excerpt":{"rendered":"<p>A M\u00e1scara Capilar de Semi di Lino e Biopolimero de Algas Marinhas da Strattus, foi especialmente desenvolvida para tratamentos de alto impacto em cabelos com tintura ou qu\u00edmica. Cont\u00e9m em sua f\u00f3rmula Semi di Lino e Algas Marinhas, Ativos hidratantes e Condicionantes, Silicones que formam um filme sobre os fios de cabelo, fechando as escamas e restaurando a cut\u00edcula capilar. Produtos de excel\u00eancia que proporcionam um brilho adicional e um realce intenso na cor dos cabelos.<\/p>\n","protected":false},"featured_media":1779,"comment_status":"open","ping_status":"closed","template":"","meta":{"_et_pb_use_builder":"","_et_pb_old_content":"","_et_gb_content_width":""},"product_brand":[],"product_cat":[25,91,85,88,89],"product_tag":[],"class_list":{"0":"post-898","1":"product","2":"type-product","3":"status-publish","4":"has-post-thumbnail","6":"product_cat-destaque","7":"product_cat-lancamentos","8":"product_cat-manutencao","9":"product_cat-reconstrucao","10":"product_cat-tratamento","12":"first","13":"instock","14":"featured","15":"taxable","16":"shipping-taxable","17":"purchasable","18":"product-type-simple"},"_links":{"self":[{"href":"https:\/\/strattus.com.br\/loja\/wp-json\/wp\/v2\/product\/898","targetHints":{"allow":["GET"]}}],"collection":[{"href":"https:\/\/strattus.com.br\/loja\/wp-json\/wp\/v2\/product"}],"about":[{"href":"https:\/\/strattus.com.br\/loja\/wp-json\/wp\/v2\/types\/product"}],"replies":[{"embeddable":true,"href":"https:\/\/strattus.com.br\/loja\/wp-json\/wp\/v2\/comments?post=898"}],"wp:featuredmedia":[{"embeddable":true,"href":"https:\/\/strattus.com.br\/loja\/wp-json\/wp\/v2\/media\/1779"}],"wp:attachment":[{"href":"https:\/\/strattus.com.br\/loja\/wp-json\/wp\/v2\/media?parent=898"}],"wp:term":[{"taxonomy":"product_brand","embeddable":true,"href":"https:\/\/strattus.com.br\/loja\/wp-json\/wp\/v2\/product_brand?post=898"},{"taxonomy":"product_cat","embeddable":true,"href":"https:\/\/strattus.com.br\/loja\/wp-json\/wp\/v2\/product_cat?post=898"},{"taxonomy":"product_tag","embeddable":true,"href":"https:\/\/strattus.com.br\/loja\/wp-json\/wp\/v2\/product_tag?post=898"}],"curies":[{"name":"wp","href":"https:\/\/api.w.org\/{rel}","templated":true}]}}