{"id":951,"date":"2020-07-18T21:30:04","date_gmt":"2020-07-18T21:30:04","guid":{"rendered":"https:\/\/strattus.com.br\/loja\/?post_type=product&#038;p=951"},"modified":"2026-03-19T18:28:19","modified_gmt":"2026-03-19T18:28:19","slug":"cristal-liquido-60-ml","status":"publish","type":"product","link":"https:\/\/strattus.com.br\/loja\/produto\/cristal-liquido-60-ml\/","title":{"rendered":"Cristal L\u00edquido &#8211; 60 mL"},"content":{"rendered":"<p>O Cristal l\u00edquido da Strattus \u00e9 extraido de cristais de Quartzo o qual tem a propriedade de permeabilizar toda a extens\u00e3o do cabelo, protegendo-os dos maus tratos do sol, vento, piscinas e demais agentes externos. Produto ideal para fazer chapinhas, escovas ou deixar os cabelos com aspecto natural.<\/p>\n<p>Especifica\u00e7\u00f5es:<br \/>\nMarca: Strattus<br \/>\nQuantidade: 60ml<\/p>\n<p>Modo de usar: Aplicar de 3 a 5 gotas nas pontas dos dedos e espalhar nos cabelos.<\/p>\n<p>Composi\u00e7\u00e3o: Cyclopentasiloxane (and) Dimethiconol, Isoparafina C13-14 and Parfum<\/p>\n<p>Recomenda\u00e7\u00f5es: Mantenha fora do alcance de crian\u00e7as. Manter em temperatura ambiente, ao abrigo do sol e calor. Em caso de contato acidental com os olhos, enxaguar abundantemente. N\u00e3o aplicar se o couro cabeludo estiver irritado ou lesionado. Havendo irrita\u00e7\u00e3o, suspender o uso e procurar um m\u00e9dico.<\/p>\n","protected":false},"excerpt":{"rendered":"<p>Cristal L\u00edquido &#8211; 60 mL<br \/>\nAnti t\u00e9rmico e Reparador de Pontas<\/p>\n","protected":false},"featured_media":954,"comment_status":"open","ping_status":"closed","template":"","meta":{"_et_pb_use_builder":"","_et_pb_old_content":"","_et_gb_content_width":""},"product_brand":[],"product_cat":[25,87],"product_tag":[],"class_list":{"0":"post-951","1":"product","2":"type-product","3":"status-publish","4":"has-post-thumbnail","6":"product_cat-destaque","7":"product_cat-finalizantes","9":"first","10":"instock","11":"featured","12":"taxable","13":"shipping-taxable","14":"purchasable","15":"product-type-simple"},"_links":{"self":[{"href":"https:\/\/strattus.com.br\/loja\/wp-json\/wp\/v2\/product\/951","targetHints":{"allow":["GET"]}}],"collection":[{"href":"https:\/\/strattus.com.br\/loja\/wp-json\/wp\/v2\/product"}],"about":[{"href":"https:\/\/strattus.com.br\/loja\/wp-json\/wp\/v2\/types\/product"}],"replies":[{"embeddable":true,"href":"https:\/\/strattus.com.br\/loja\/wp-json\/wp\/v2\/comments?post=951"}],"wp:featuredmedia":[{"embeddable":true,"href":"https:\/\/strattus.com.br\/loja\/wp-json\/wp\/v2\/media\/954"}],"wp:attachment":[{"href":"https:\/\/strattus.com.br\/loja\/wp-json\/wp\/v2\/media?parent=951"}],"wp:term":[{"taxonomy":"product_brand","embeddable":true,"href":"https:\/\/strattus.com.br\/loja\/wp-json\/wp\/v2\/product_brand?post=951"},{"taxonomy":"product_cat","embeddable":true,"href":"https:\/\/strattus.com.br\/loja\/wp-json\/wp\/v2\/product_cat?post=951"},{"taxonomy":"product_tag","embeddable":true,"href":"https:\/\/strattus.com.br\/loja\/wp-json\/wp\/v2\/product_tag?post=951"}],"curies":[{"name":"wp","href":"https:\/\/api.w.org\/{rel}","templated":true}]}}